{"id":1115,"date":"2020-08-10T21:13:12","date_gmt":"2020-08-10T19:13:12","guid":{"rendered":"https:\/\/lesoinparlart.fr\/?page_id=1115"},"modified":"2024-02-22T10:12:37","modified_gmt":"2024-02-22T09:12:37","slug":"art-therapie-autisme","status":"publish","type":"page","link":"https:\/\/lesoinparlart.fr\/index.php\/art-therapie-autisme\/","title":{"rendered":"Art-th\u00e9rapie et autisme \u00e0 Nantes."},"content":{"rendered":"\t\t<div data-elementor-type=\"wp-page\" data-elementor-id=\"1115\" class=\"elementor elementor-1115\" data-elementor-settings=\"[]\">\n\t\t\t<div class=\"elementor-inner\">\n\t\t\t\t<div class=\"elementor-section-wrap\">\n\t\t\t\t\t\t\t<section class=\"elementor-element elementor-element-82317c1 elementor-section-boxed elementor-section-height-default elementor-section-height-default elementor-section elementor-top-section\" data-id=\"82317c1\" data-element_type=\"section\">\n\t\t\t\t\t\t<div class=\"elementor-container elementor-column-gap-default\">\n\t\t\t\t<div class=\"elementor-row\">\n\t\t\t\t<div class=\"elementor-element elementor-element-f8d95f8 elementor-column elementor-col-100 elementor-top-column\" data-id=\"f8d95f8\" data-element_type=\"column\">\n\t\t\t<div class=\"elementor-column-wrap  elementor-element-populated\">\n\t\t\t\t\t<div class=\"elementor-widget-wrap\">\n\t\t\t\t<div class=\"elementor-element elementor-element-7adad20 elementor-widget elementor-widget-heading\" data-id=\"7adad20\" data-element_type=\"widget\" data-widget_type=\"heading.default\">\n\t\t\t\t<div class=\"elementor-widget-container\">\n\t\t\t<h2 class=\"elementor-heading-title elementor-size-default\">Art-th\u00e9rapie : mieux vivre avec des troubles autistiques.<br><\/h2>\t\t<\/div>\n\t\t\t\t<\/div>\n\t\t\t\t<div class=\"elementor-element elementor-element-ca202eb elementor-widget elementor-widget-button\" data-id=\"ca202eb\" data-element_type=\"widget\" data-widget_type=\"button.default\">\n\t\t\t\t<div class=\"elementor-widget-container\">\n\t\t\t\t\t<div class=\"elementor-button-wrapper\">\n\t\t\t<a href=\"https:\/\/lesoinparlart.fr\/\" class=\"elementor-button-link elementor-button elementor-size-sm\" role=\"button\">\n\t\t\t\t\t\t<span class=\"elementor-button-content-wrapper\">\n\t\t\t\t\t\t<span class=\"elementor-button-icon elementor-align-icon-left\">\n\t\t\t\t<i aria-hidden=\"true\" class=\"far fa-arrow-alt-circle-up\"><\/i>\t\t\t<\/span>\n\t\t\t\t\t\t<span class=\"elementor-button-text\">Page d'accueil.<\/span>\n\t\t<\/span>\n\t\t\t\t\t<\/a>\n\t\t<\/div>\n\t\t\t\t<\/div>\n\t\t\t\t<\/div>\n\t\t\t\t\t\t<\/div>\n\t\t\t<\/div>\n\t\t<\/div>\n\t\t\t\t\t\t<\/div>\n\t\t\t<\/div>\n\t\t<\/section>\n\t\t\t\t<section class=\"elementor-element elementor-element-8f3774b elementor-section-boxed elementor-section-height-default elementor-section-height-default elementor-section elementor-top-section\" data-id=\"8f3774b\" data-element_type=\"section\">\n\t\t\t\t\t\t<div class=\"elementor-container elementor-column-gap-default\">\n\t\t\t\t<div class=\"elementor-row\">\n\t\t\t\t<div class=\"elementor-element elementor-element-d7ebea0 elementor-column elementor-col-50 elementor-top-column\" data-id=\"d7ebea0\" data-element_type=\"column\">\n\t\t\t<div class=\"elementor-column-wrap  elementor-element-populated\">\n\t\t\t\t\t<div class=\"elementor-widget-wrap\">\n\t\t\t\t<div class=\"elementor-element elementor-element-0104c9d elementor-invisible elementor-widget elementor-widget-image\" data-id=\"0104c9d\" data-element_type=\"widget\" data-settings=\"{&quot;_animation&quot;:&quot;zoomInUp&quot;}\" data-widget_type=\"image.default\">\n\t\t\t\t<div class=\"elementor-widget-container\">\n\t\t\t\t\t<div class=\"elementor-image\">\n\t\t\t\t\t\t\t\t\t\t<img loading=\"lazy\" decoding=\"async\" width=\"150\" height=\"150\" src=\"https:\/\/lesoinparlart.fr\/wp-content\/uploads\/2020\/08\/art-th\u00e9rapie-mus\u00e9e-des-beaux-arts-nantes-150x150.jpg\" class=\"attachment-thumbnail size-thumbnail\" alt=\"\" \/>\t\t\t\t\t\t\t\t\t\t\t<\/div>\n\t\t\t\t<\/div>\n\t\t\t\t<\/div>\n\t\t\t\t\t\t<\/div>\n\t\t\t<\/div>\n\t\t<\/div>\n\t\t\t\t<div class=\"elementor-element elementor-element-3ba928c elementor-column elementor-col-50 elementor-top-column\" data-id=\"3ba928c\" data-element_type=\"column\">\n\t\t\t<div class=\"elementor-column-wrap  elementor-element-populated\">\n\t\t\t\t\t<div class=\"elementor-widget-wrap\">\n\t\t\t\t<div class=\"elementor-element elementor-element-dbab226 elementor-invisible elementor-widget elementor-widget-text-editor\" data-id=\"dbab226\" data-element_type=\"widget\" data-settings=\"{&quot;_animation&quot;:&quot;fadeIn&quot;}\" data-widget_type=\"text-editor.default\">\n\t\t\t\t<div class=\"elementor-widget-container\">\n\t\t\t\t\t<div class=\"elementor-text-editor elementor-clearfix\"><h3><span style=\"vertical-align: inherit;\"><span style=\"vertical-align: inherit;\"><span style=\"vertical-align: inherit;\"><span style=\"vertical-align: inherit;\"><span style=\"vertical-align: inherit;\"><span style=\"vertical-align: inherit;\"><span style=\"vertical-align: inherit;\"><span style=\"vertical-align: inherit;\"><span style=\"vertical-align: inherit;\"><span style=\"vertical-align: inherit;\">V\u00e9ronique Th\u00e9venier- Art-th\u00e9rapeute et m\u00e9diatrice artistique-Le soin par l&#8217;art- Nantes.<\/span><\/span><\/span><\/span><\/span><\/span><\/span><\/span><\/span><\/span><\/h3><div><span style=\"vertical-align: inherit;\"><span style=\"vertical-align: inherit;\"><span style=\"vertical-align: inherit;\"><span style=\"vertical-align: inherit;\"><span style=\"vertical-align: inherit;\"><span style=\"vertical-align: inherit;\"><span style=\"vertical-align: inherit;\"><span style=\"vertical-align: inherit;\"><span style=\"vertical-align: inherit;\"><span style=\"vertical-align: inherit;\"><span style=\"vertical-align: inherit;\"><span style=\"vertical-align: inherit;\">Mes s\u00e9ances permettent aux personnes ayant des troubles autistiques de renouer avec leurs \u00e9motions profondes, de s&#8217;exprimer autrement, au-del\u00e0 des mots.\u00a0<\/span><\/span><\/span><\/span><\/span><\/span><\/span><\/span><\/span><\/span><\/span><\/span><\/div><p><span style=\"vertical-align: inherit;\"><span style=\"vertical-align: inherit;\"><span style=\"vertical-align: inherit;\"><span style=\"vertical-align: inherit;\"><span style=\"vertical-align: inherit;\"><span style=\"vertical-align: inherit;\">En s\u00e9ance individuelle ou de groupe, la visite de lieux d&#8217;exposition est envisageable, pour la joie d&#8217;une d\u00e9couverte concr\u00e8te de notre patrimoine artistique.<\/span><\/span><\/span><\/span><\/span><\/span><\/p><ul><li style=\"list-style-type: none;\"><ul><li style=\"list-style-type: none;\"><ul><li><p><span style=\"color: #333333; font-size: 17px;\"><span style=\"vertical-align: inherit;\"><span style=\"vertical-align: inherit;\"><span style=\"vertical-align: inherit;\"><span style=\"vertical-align: inherit;\"><span style=\"vertical-align: inherit;\"><span style=\"vertical-align: inherit;\"><span style=\"vertical-align: inherit;\"><span style=\"vertical-align: inherit;\"><span style=\"vertical-align: inherit;\"><span style=\"vertical-align: inherit;\">Disciplines artistiques<\/span><\/span><\/span><\/span><\/span><\/span><\/span><\/span><\/span><\/span><\/span><\/p><ul><li><span style=\"vertical-align: inherit;\"><span style=\"vertical-align: inherit;\"><span style=\"vertical-align: inherit;\"><span style=\"vertical-align: inherit;\"><span style=\"vertical-align: inherit;\"><span style=\"vertical-align: inherit;\"><span style=\"vertical-align: inherit;\"><span style=\"vertical-align: inherit;\"><span style=\"vertical-align: inherit;\"><span style=\"vertical-align: inherit;\">Le cycle mandala ( du temple, du conte, du totem)<\/span><\/span><\/span><\/span><\/span><\/span><\/span><\/span><\/span><\/span><\/li><li><span style=\"vertical-align: inherit;\"><span style=\"vertical-align: inherit;\"><span style=\"vertical-align: inherit;\"><span style=\"vertical-align: inherit;\"><span style=\"vertical-align: inherit;\"><span style=\"vertical-align: inherit;\"><span style=\"vertical-align: inherit;\"><span style=\"vertical-align: inherit;\"><span style=\"vertical-align: inherit;\"><span style=\"vertical-align: inherit;\">Initiation au jeu de peinture.<\/span><\/span><\/span><\/span><\/span><\/span><\/span><\/span><\/span><\/span><\/li><li><span style=\"vertical-align: inherit;\"><span style=\"vertical-align: inherit;\"><span style=\"vertical-align: inherit;\"><span style=\"vertical-align: inherit;\"><span style=\"vertical-align: inherit;\"><span style=\"vertical-align: inherit;\"><span style=\"vertical-align: inherit;\"><span style=\"vertical-align: inherit;\"><span style=\"vertical-align: inherit;\"><span style=\"vertical-align: inherit;\">L&#8217;\u00e9criture individuelle et collective.<\/span><\/span><\/span><\/span><\/span><\/span><\/span><\/span><\/span><\/span><\/li><li><span style=\"vertical-align: inherit;\"><span style=\"vertical-align: inherit;\"><span style=\"vertical-align: inherit;\"><span style=\"vertical-align: inherit;\"><span style=\"vertical-align: inherit;\"><span style=\"vertical-align: inherit;\"><span style=\"vertical-align: inherit;\"><span style=\"vertical-align: inherit;\"><span style=\"vertical-align: inherit;\"><span style=\"vertical-align: inherit;\">Les arts plastiques <\/span><\/span><\/span><\/span><\/span><\/span><\/span><\/span><\/span><\/span><b><span style=\"vertical-align: inherit;\"><span style=\"vertical-align: inherit;\"><span style=\"vertical-align: inherit;\"><span style=\"vertical-align: inherit;\"><span style=\"vertical-align: inherit;\"><span style=\"vertical-align: inherit;\"><span style=\"vertical-align: inherit;\"><span style=\"vertical-align: inherit;\"><span style=\"vertical-align: inherit;\"><span style=\"vertical-align: inherit;\">\u00a0 &#8211;<\/span><\/span><\/span><\/span><\/span><\/span><\/span><\/span><\/span><\/span><\/b><span style=\"vertical-align: inherit;\"><span style=\"vertical-align: inherit;\"><span style=\"vertical-align: inherit;\"><span style=\"vertical-align: inherit;\"><span style=\"vertical-align: inherit;\"><span style=\"vertical-align: inherit;\"><span style=\"vertical-align: inherit;\"><span style=\"vertical-align: inherit;\"><span style=\"vertical-align: inherit;\"><span style=\"vertical-align: inherit;\"> Collage, peinture, dessin, modelage.<\/span><\/span><\/span><\/span><\/span><\/span><\/span><\/span><\/span><\/span><strong style=\"font-size: 14px;\">\u00a0<\/strong><\/li><li><span style=\"vertical-align: inherit;\"><span style=\"vertical-align: inherit;\"><span style=\"vertical-align: inherit;\"><span style=\"vertical-align: inherit;\"><span style=\"vertical-align: inherit;\"><span style=\"vertical-align: inherit;\"><span style=\"vertical-align: inherit;\"><span style=\"vertical-align: inherit;\"><span style=\"vertical-align: inherit;\"><span style=\"vertical-align: inherit;\">Photolangage.<\/span><\/span><\/span><\/span><\/span><\/span><\/span><\/span><\/span><\/span><\/li><li><span style=\"vertical-align: inherit;\"><span style=\"vertical-align: inherit;\"><span style=\"vertical-align: inherit;\"><span style=\"vertical-align: inherit;\"><span style=\"vertical-align: inherit;\"><span style=\"vertical-align: inherit;\"><span style=\"vertical-align: inherit;\"><span style=\"vertical-align: inherit;\"><span style=\"vertical-align: inherit;\"><span style=\"vertical-align: inherit;\">Initiation au carnet cr\u00e9atif.<\/span><\/span><\/span><\/span><\/span><\/span><\/span><\/span><\/span><\/span><\/li><li><span style=\"vertical-align: inherit;\"><span style=\"vertical-align: inherit;\"><span style=\"vertical-align: inherit;\"><span style=\"vertical-align: inherit;\"><span style=\"vertical-align: inherit;\"><span style=\"vertical-align: inherit;\"><span style=\"vertical-align: inherit;\"><span style=\"vertical-align: inherit;\">Ecoute musicale.<\/span><\/span><\/span><\/span><\/span><\/span><\/span><\/span><\/li><\/ul><\/li><\/ul><\/li><\/ul><\/li><\/ul><\/div>\n\t\t\t\t<\/div>\n\t\t\t\t<\/div>\n\t\t\t\t\t\t<\/div>\n\t\t\t<\/div>\n\t\t<\/div>\n\t\t\t\t\t\t<\/div>\n\t\t\t<\/div>\n\t\t<\/section>\n\t\t\t\t\t\t<\/div>\n\t\t\t<\/div>\n\t\t<\/div>\n\t\t","protected":false},"excerpt":{"rendered":"<p>Art-th\u00e9rapie : mieux vivre avec des troubles autistiques. Page d&#8217;accueil. V\u00e9ronique Th\u00e9venier- Art-th\u00e9rapeute et m\u00e9diatrice artistique-Le soin par l&#8217;art- Nantes. Mes s\u00e9ances permettent aux personnes ayant des troubles autistiques de renouer avec leurs \u00e9motions profondes, de s&#8217;exprimer autrement, au-del\u00e0 des mots.\u00a0 En s\u00e9ance individuelle ou de groupe, la visite de lieux d&#8217;exposition est envisageable, pour [&hellip;]<\/p>\n","protected":false},"author":1,"featured_media":0,"parent":0,"menu_order":0,"comment_status":"closed","ping_status":"closed","template":"","meta":{"spay_email":"","footnotes":""},"yoast_head":"<!-- This site is optimized with the Yoast SEO plugin v14.7 - https:\/\/yoast.com\/wordpress\/plugins\/seo\/ -->\n<title>Art-th\u00e9rapie et autisme \u00e0 Nantes. -<\/title>\n<meta name=\"description\" content=\"Le MBMA de MOntr\u00e9al emploie un art-th\u00e9rapeute \u00e0 temps plein. Quand l&#039;art fait du bien: une exp\u00e9rience avec des autistes.\" \/>\n<meta name=\"robots\" content=\"index, follow\" \/>\n<meta name=\"googlebot\" content=\"index, follow, max-snippet:-1, max-image-preview:large, max-video-preview:-1\" \/>\n<meta name=\"bingbot\" content=\"index, follow, max-snippet:-1, max-image-preview:large, max-video-preview:-1\" \/>\n<link rel=\"canonical\" href=\"https:\/\/lesoinparlart.fr\/index.php\/art-therapie-autisme\/\" \/>\n<meta property=\"og:locale\" content=\"en_US\" \/>\n<meta property=\"og:type\" content=\"article\" \/>\n<meta property=\"og:title\" content=\"Art-th\u00e9rapie et autisme \u00e0 Nantes. -\" \/>\n<meta property=\"og:description\" content=\"Le MBMA de MOntr\u00e9al emploie un art-th\u00e9rapeute \u00e0 temps plein. Quand l&#039;art fait du bien: une exp\u00e9rience avec des autistes.\" \/>\n<meta property=\"og:url\" content=\"https:\/\/lesoinparlart.fr\/index.php\/art-therapie-autisme\/\" \/>\n<meta property=\"article:modified_time\" content=\"2024-02-22T09:12:37+00:00\" \/>\n<meta property=\"og:image\" content=\"https:\/\/lesoinparlart.fr\/wp-content\/uploads\/2020\/08\/art-th\u00e9rapie-mus\u00e9e-des-beaux-arts-nantes-150x150.jpg\" \/>\n<meta name=\"twitter:card\" content=\"summary_large_image\" \/>\n<script type=\"application\/ld+json\" class=\"yoast-schema-graph\">{\"@context\":\"https:\/\/schema.org\",\"@graph\":[{\"@type\":\"WebSite\",\"@id\":\"https:\/\/lesoinparlart.fr\/#website\",\"url\":\"https:\/\/lesoinparlart.fr\/\",\"name\":\"\",\"description\":\"\",\"potentialAction\":[{\"@type\":\"SearchAction\",\"target\":\"https:\/\/lesoinparlart.fr\/?s={search_term_string}\",\"query-input\":\"required name=search_term_string\"}],\"inLanguage\":\"en-US\"},{\"@type\":\"ImageObject\",\"@id\":\"https:\/\/lesoinparlart.fr\/index.php\/art-therapie-autisme\/#primaryimage\",\"inLanguage\":\"en-US\",\"url\":\"https:\/\/lesoinparlart.fr\/wp-content\/uploads\/2020\/08\/art-th\\u00e9rapie-mus\\u00e9e-des-beaux-arts-nantes.jpg\",\"width\":259,\"height\":194},{\"@type\":\"WebPage\",\"@id\":\"https:\/\/lesoinparlart.fr\/index.php\/art-therapie-autisme\/#webpage\",\"url\":\"https:\/\/lesoinparlart.fr\/index.php\/art-therapie-autisme\/\",\"name\":\"Art-th\\u00e9rapie et autisme \\u00e0 Nantes. -\",\"isPartOf\":{\"@id\":\"https:\/\/lesoinparlart.fr\/#website\"},\"primaryImageOfPage\":{\"@id\":\"https:\/\/lesoinparlart.fr\/index.php\/art-therapie-autisme\/#primaryimage\"},\"datePublished\":\"2020-08-10T19:13:12+00:00\",\"dateModified\":\"2024-02-22T09:12:37+00:00\",\"description\":\"Le MBMA de MOntr\\u00e9al emploie un art-th\\u00e9rapeute \\u00e0 temps plein. Quand l'art fait du bien: une exp\\u00e9rience avec des autistes.\",\"inLanguage\":\"en-US\",\"potentialAction\":[{\"@type\":\"ReadAction\",\"target\":[\"https:\/\/lesoinparlart.fr\/index.php\/art-therapie-autisme\/\"]}]}]}<\/script>\n<!-- \/ Yoast SEO plugin. -->","_links":{"self":[{"href":"https:\/\/lesoinparlart.fr\/index.php\/wp-json\/wp\/v2\/pages\/1115"}],"collection":[{"href":"https:\/\/lesoinparlart.fr\/index.php\/wp-json\/wp\/v2\/pages"}],"about":[{"href":"https:\/\/lesoinparlart.fr\/index.php\/wp-json\/wp\/v2\/types\/page"}],"author":[{"embeddable":true,"href":"https:\/\/lesoinparlart.fr\/index.php\/wp-json\/wp\/v2\/users\/1"}],"replies":[{"embeddable":true,"href":"https:\/\/lesoinparlart.fr\/index.php\/wp-json\/wp\/v2\/comments?post=1115"}],"version-history":[{"count":66,"href":"https:\/\/lesoinparlart.fr\/index.php\/wp-json\/wp\/v2\/pages\/1115\/revisions"}],"predecessor-version":[{"id":2672,"href":"https:\/\/lesoinparlart.fr\/index.php\/wp-json\/wp\/v2\/pages\/1115\/revisions\/2672"}],"wp:attachment":[{"href":"https:\/\/lesoinparlart.fr\/index.php\/wp-json\/wp\/v2\/media?parent=1115"}],"curies":[{"name":"wp","href":"https:\/\/api.w.org\/{rel}","templated":true}]}}