{"id":134,"date":"2020-07-27T23:58:00","date_gmt":"2020-07-27T21:58:00","guid":{"rendered":"http:\/\/lesoinparlart.fr\/?page_id=134"},"modified":"2024-02-20T15:59:06","modified_gmt":"2024-02-20T14:59:06","slug":"qui-suis-mon-parcours","status":"publish","type":"page","link":"https:\/\/lesoinparlart.fr\/index.php\/qui-suis-mon-parcours\/","title":{"rendered":"V\u00e9ronique Th\u00e9venier- Qui suis-je ?"},"content":{"rendered":"\t\t<div data-elementor-type=\"wp-page\" data-elementor-id=\"134\" class=\"elementor elementor-134\" data-elementor-settings=\"[]\">\n\t\t\t<div class=\"elementor-inner\">\n\t\t\t\t<div class=\"elementor-section-wrap\">\n\t\t\t\t\t\t\t<section class=\"elementor-element elementor-element-9f45127 elementor-section-boxed elementor-section-height-default elementor-section-height-default elementor-section elementor-top-section\" data-id=\"9f45127\" data-element_type=\"section\">\n\t\t\t\t\t\t<div class=\"elementor-container elementor-column-gap-default\">\n\t\t\t\t<div class=\"elementor-row\">\n\t\t\t\t<div class=\"elementor-element elementor-element-60e411b elementor-column elementor-col-100 elementor-top-column\" data-id=\"60e411b\" data-element_type=\"column\">\n\t\t\t<div class=\"elementor-column-wrap  elementor-element-populated\">\n\t\t\t\t\t<div class=\"elementor-widget-wrap\">\n\t\t\t\t<div class=\"elementor-element elementor-element-771df91 elementor-widget elementor-widget-heading\" data-id=\"771df91\" data-element_type=\"widget\" data-widget_type=\"heading.default\">\n\t\t\t\t<div class=\"elementor-widget-container\">\n\t\t\t<h2 class=\"elementor-heading-title elementor-size-default\">V\u00e9ronique Th\u00e9venier               <br>Art-th\u00e9rapeute, m\u00e9diatrice artistique et enseignante.<br>Qui suis-je?<br><\/h2>\t\t<\/div>\n\t\t\t\t<\/div>\n\t\t\t\t<div class=\"elementor-element elementor-element-5de9c48 elementor-widget elementor-widget-button\" data-id=\"5de9c48\" data-element_type=\"widget\" data-widget_type=\"button.default\">\n\t\t\t\t<div class=\"elementor-widget-container\">\n\t\t\t\t\t<div class=\"elementor-button-wrapper\">\n\t\t\t<a href=\"https:\/\/lesoinparlart.fr\/\" class=\"elementor-button-link elementor-button elementor-size-sm\" role=\"button\">\n\t\t\t\t\t\t<span class=\"elementor-button-content-wrapper\">\n\t\t\t\t\t\t<span class=\"elementor-button-icon elementor-align-icon-left\">\n\t\t\t\t<i aria-hidden=\"true\" class=\"far fa-arrow-alt-circle-up\"><\/i>\t\t\t<\/span>\n\t\t\t\t\t\t<span class=\"elementor-button-text\">Page d'accueil<\/span>\n\t\t<\/span>\n\t\t\t\t\t<\/a>\n\t\t<\/div>\n\t\t\t\t<\/div>\n\t\t\t\t<\/div>\n\t\t\t\t\t\t<\/div>\n\t\t\t<\/div>\n\t\t<\/div>\n\t\t\t\t\t\t<\/div>\n\t\t\t<\/div>\n\t\t<\/section>\n\t\t\t\t<section class=\"elementor-element elementor-element-d3322b7 elementor-section-boxed elementor-section-height-default elementor-section-height-default elementor-section elementor-top-section\" data-id=\"d3322b7\" data-element_type=\"section\">\n\t\t\t\t\t\t<div class=\"elementor-container elementor-column-gap-default\">\n\t\t\t\t<div class=\"elementor-row\">\n\t\t\t\t<div class=\"elementor-element elementor-element-eaeda00 elementor-column elementor-col-50 elementor-top-column\" data-id=\"eaeda00\" data-element_type=\"column\">\n\t\t\t<div class=\"elementor-column-wrap  elementor-element-populated\">\n\t\t\t\t\t<div class=\"elementor-widget-wrap\">\n\t\t\t\t<div class=\"elementor-element elementor-element-a08bdee elementor-widget elementor-widget-image\" data-id=\"a08bdee\" data-element_type=\"widget\" data-widget_type=\"image.default\">\n\t\t\t\t<div class=\"elementor-widget-container\">\n\t\t\t\t\t<div class=\"elementor-image\">\n\t\t\t\t\t\t\t\t\t\t<img loading=\"lazy\" decoding=\"async\" width=\"150\" height=\"150\" src=\"https:\/\/lesoinparlart.fr\/wp-content\/uploads\/2020\/10\/IMG_20201004_092246-1-150x150.jpg\" class=\"attachment-thumbnail size-thumbnail\" alt=\"\" \/>\t\t\t\t\t\t\t\t\t\t\t<\/div>\n\t\t\t\t<\/div>\n\t\t\t\t<\/div>\n\t\t\t\t\t\t<\/div>\n\t\t\t<\/div>\n\t\t<\/div>\n\t\t\t\t<div class=\"elementor-element elementor-element-3bdd95d elementor-column elementor-col-50 elementor-top-column\" data-id=\"3bdd95d\" data-element_type=\"column\">\n\t\t\t<div class=\"elementor-column-wrap  elementor-element-populated\">\n\t\t\t\t\t<div class=\"elementor-widget-wrap\">\n\t\t\t\t<div class=\"elementor-element elementor-element-bcf058c elementor-widget elementor-widget-text-editor\" data-id=\"bcf058c\" data-element_type=\"widget\" data-widget_type=\"text-editor.default\">\n\t\t\t\t<div class=\"elementor-widget-container\">\n\t\t\t\t\t<div class=\"elementor-text-editor elementor-clearfix\"><h3>Ma philosophie:<\/h3><h3><span style=\"font-weight: normal;\"><i>&#8221; La meilleure \u0153uvre d&#8217;art est celle qui nous fait du bien !&#8221;<\/i><\/span><\/h3><h3><span style=\"font-weight: normal;\"><i>\u00a0 \u00a0 \u00a0 \u00a0 \u00a0 \u00a0 \u00a0 \u00a0 \u00a0 \u00a0 \u00a0 \u00a0 \u00a0 \u00a0 \u00a0 \u00a0 \u00a0 \u00a0 \u00a0 \u00a0 \u00a0 \u00a0 Auteur anonyme.<\/i><\/span><\/h3><\/div>\n\t\t\t\t<\/div>\n\t\t\t\t<\/div>\n\t\t\t\t\t\t<\/div>\n\t\t\t<\/div>\n\t\t<\/div>\n\t\t\t\t\t\t<\/div>\n\t\t\t<\/div>\n\t\t<\/section>\n\t\t\t\t<section class=\"elementor-element elementor-element-f0f21a4 elementor-section-boxed elementor-section-height-default elementor-section-height-default elementor-section elementor-top-section\" data-id=\"f0f21a4\" data-element_type=\"section\">\n\t\t\t\t\t\t<div class=\"elementor-container elementor-column-gap-default\">\n\t\t\t\t<div class=\"elementor-row\">\n\t\t\t\t<div class=\"elementor-element elementor-element-02e4290 elementor-column elementor-col-33 elementor-top-column\" data-id=\"02e4290\" data-element_type=\"column\">\n\t\t\t<div class=\"elementor-column-wrap  elementor-element-populated\">\n\t\t\t\t\t<div class=\"elementor-widget-wrap\">\n\t\t\t\t<div class=\"elementor-element elementor-element-eb84ed5 elementor-widget elementor-widget-text-editor\" data-id=\"eb84ed5\" data-element_type=\"widget\" data-widget_type=\"text-editor.default\">\n\t\t\t\t<div class=\"elementor-widget-container\">\n\t\t\t\t\t<div class=\"elementor-text-editor elementor-clearfix\"><h5><em><span style=\"color: #333333; font-size: 18px; font-weight: 600;\"><span style=\"vertical-align: inherit;\"><span style=\"vertical-align: inherit;\">J&#8217;ai toujours peint, dessin\u00e9, \u00e9crit.<\/span><\/span><\/span><\/em><\/h5><p id=\"wnd_TextBlock_189844_inner_3\" data-wnd_is_separable=\"1\" data-wnd_separable_index=\"3\" data-wnd_separable_id=\"wnd_TextBlock_189844\"><span style=\"vertical-align: inherit;\"><span style=\"vertical-align: inherit;\">Une pratique assidue des arts visuels et de l&#8217;\u00e9criture m&#8217;a rendu consciente de ses bienfaits.<\/span><\/span><\/p><p id=\"wnd_TextBlock_189844_inner_4\" data-wnd_is_separable=\"1\" data-wnd_separable_index=\"4\" data-wnd_separable_id=\"wnd_TextBlock_189844\"><span style=\"vertical-align: inherit;\"><span style=\"vertical-align: inherit;\">Mon exp\u00e9rience dans l&#8217;enseignement, aupr\u00e8s d&#8217;enfants et adolescents dits &#8220;ordinaires&#8221; ou sujets aux troubles des fonctions cognitives m&#8217;a \u00e9galement permis de constater le pouvoir de l&#8217;art en terme de d\u00e9veloppement personnel.\u00a0<\/span><\/span><\/p><\/div>\n\t\t\t\t<\/div>\n\t\t\t\t<\/div>\n\t\t\t\t\t\t<\/div>\n\t\t\t<\/div>\n\t\t<\/div>\n\t\t\t\t<div class=\"elementor-element elementor-element-c121bc0 elementor-column elementor-col-33 elementor-top-column\" data-id=\"c121bc0\" data-element_type=\"column\">\n\t\t\t<div class=\"elementor-column-wrap  elementor-element-populated\">\n\t\t\t\t\t<div class=\"elementor-widget-wrap\">\n\t\t\t\t<div class=\"elementor-element elementor-element-385fbe7 elementor-widget elementor-widget-image\" data-id=\"385fbe7\" data-element_type=\"widget\" data-widget_type=\"image.default\">\n\t\t\t\t<div class=\"elementor-widget-container\">\n\t\t\t\t\t<div class=\"elementor-image\">\n\t\t\t\t\t\t\t\t\t\t<img loading=\"lazy\" decoding=\"async\" width=\"150\" height=\"150\" src=\"https:\/\/lesoinparlart.fr\/wp-content\/uploads\/2020\/08\/art-th\u00e9rapie-V\u00e9ronique-Th\u00e9venier-Nantes-1-150x150.jpg\" class=\"attachment-thumbnail size-thumbnail\" alt=\"\" \/>\t\t\t\t\t\t\t\t\t\t\t<\/div>\n\t\t\t\t<\/div>\n\t\t\t\t<\/div>\n\t\t\t\t\t\t<\/div>\n\t\t\t<\/div>\n\t\t<\/div>\n\t\t\t\t<div class=\"elementor-element elementor-element-c2efa66 elementor-column elementor-col-33 elementor-top-column\" data-id=\"c2efa66\" data-element_type=\"column\">\n\t\t\t<div class=\"elementor-column-wrap  elementor-element-populated\">\n\t\t\t\t\t<div class=\"elementor-widget-wrap\">\n\t\t\t\t<div class=\"elementor-element elementor-element-e78f04d elementor-widget elementor-widget-text-editor\" data-id=\"e78f04d\" data-element_type=\"widget\" data-widget_type=\"text-editor.default\">\n\t\t\t\t<div class=\"elementor-widget-container\">\n\t\t\t\t\t<div class=\"elementor-text-editor elementor-clearfix\"><p id=\"wnd_TextBlock_189844_inner_4\" data-wnd_is_separable=\"1\" data-wnd_separable_index=\"4\" data-wnd_separable_id=\"wnd_TextBlock_189844\"><span style=\"font-size: 14px;\"><span style=\"vertical-align: inherit;\"><span style=\"vertical-align: inherit;\"><span style=\"vertical-align: inherit;\"><span style=\"vertical-align: inherit;\"><span style=\"vertical-align: inherit;\"><span style=\"vertical-align: inherit;\">Gr\u00e2ce \u00e0 un cong\u00e9 individuel de formation , j&#8217;ai eu l&#8217;opportunit\u00e9 d&#8217;apprendre le m\u00e9tier d&#8217;<\/span><\/span><\/span><\/span><\/span><\/span><\/span><span style=\"vertical-align: inherit;\"><span style=\"vertical-align: inherit;\"><span style=\"vertical-align: inherit;\"><span style=\"vertical-align: inherit;\"><span style=\"vertical-align: inherit;\"><span style=\"vertical-align: inherit;\"> art-th\u00e9rapeute et m\u00e9diatrice artistique, <\/span><\/span><\/span><\/span><\/span><\/span><span style=\"font-size: 14px;\"><span style=\"vertical-align: inherit;\"><span style=\"vertical-align: inherit;\"><span style=\"vertical-align: inherit;\"><span style=\"vertical-align: inherit;\"><span style=\"vertical-align: inherit;\"><span style=\"vertical-align: inherit;\">un souhait qui me tenait \u00e0 c\u0153ur depuis longtemps.<\/span><\/span><\/span><\/span><\/span><\/span><\/span><\/p><p id=\"wnd_TextBlock_189844_inner_4\" data-wnd_is_separable=\"1\" data-wnd_separable_index=\"4\" data-wnd_separable_id=\"wnd_TextBlock_189844\"><span style=\"vertical-align: inherit;\"><span style=\"vertical-align: inherit;\">Depuis, j&#8217;ai cr\u00e9\u00e9 Le soin par l&#8217;art , une microentreprise qui propose des s\u00e9ances individuelles ou collectives.<\/span><\/span><\/p><\/div>\n\t\t\t\t<\/div>\n\t\t\t\t<\/div>\n\t\t\t\t\t\t<\/div>\n\t\t\t<\/div>\n\t\t<\/div>\n\t\t\t\t\t\t<\/div>\n\t\t\t<\/div>\n\t\t<\/section>\n\t\t\t\t<section class=\"elementor-element elementor-element-0696495 elementor-section-boxed elementor-section-height-default elementor-section-height-default elementor-section elementor-top-section\" data-id=\"0696495\" data-element_type=\"section\">\n\t\t\t\t\t\t<div class=\"elementor-container elementor-column-gap-default\">\n\t\t\t\t<div class=\"elementor-row\">\n\t\t\t\t<div class=\"elementor-element elementor-element-9b6b715 elementor-column elementor-col-50 elementor-top-column\" data-id=\"9b6b715\" data-element_type=\"column\">\n\t\t\t<div class=\"elementor-column-wrap  elementor-element-populated\">\n\t\t\t\t\t<div class=\"elementor-widget-wrap\">\n\t\t\t\t<div class=\"elementor-element elementor-element-a696e1c elementor-widget elementor-widget-text-editor\" data-id=\"a696e1c\" data-element_type=\"widget\" data-widget_type=\"text-editor.default\">\n\t\t\t\t<div class=\"elementor-widget-container\">\n\t\t\t\t\t<div class=\"elementor-text-editor elementor-clearfix\"><h2 id=\"wnd_TextBlock_189844_inner_9\" data-wnd_is_separable=\"1\" data-wnd_separable_index=\"9\" data-wnd_separable_id=\"wnd_TextBlock_189844\"><em>Mes dipl\u00f4mes<\/em><\/h2><p id=\"wnd_TextBlock_189844_inner_10\" align=\"left\" data-wnd_is_separable=\"1\" data-wnd_separable_index=\"10\" data-wnd_separable_id=\"wnd_TextBlock_189844\"><img loading=\"lazy\" decoding=\"async\" class=\"alignnone wp-image-136\" src=\"http:\/\/lesoinparlart.fr\/wp-content\/uploads\/2020\/07\/art-therapie-300x128.jpg\" alt=\"\" width=\"124\" height=\"53\" srcset=\"https:\/\/lesoinparlart.fr\/wp-content\/uploads\/2020\/07\/art-therapie-300x128.jpg 300w, https:\/\/lesoinparlart.fr\/wp-content\/uploads\/2020\/07\/art-therapie.jpg 344w\" sizes=\"(max-width: 124px) 100vw, 124px\" \/>\u00a0 \u00a0 \u00a0 <strong>Dipl\u00f4me universitaire d&#8217;art-th\u00e9rapeute <\/strong>en 2017 \u00e0 la facult\u00e9 de m\u00e9decine de Poitiers.<\/p><p align=\"left\" data-wnd_is_separable=\"1\" data-wnd_separable_index=\"10\" data-wnd_separable_id=\"wnd_TextBlock_189844\">Stage pratique et m\u00e9moire de recherche consultable en ligne sur Up\u00e9tille de la facult\u00e9 de m\u00e9decine de Poitiers:<\/p><p id=\"wnd_TextBlock_189844_inner_10\" align=\"left\" data-wnd_is_separable=\"1\" data-wnd_separable_index=\"10\" data-wnd_separable_id=\"wnd_TextBlock_189844\"><i>.<a href=\"http:\/\/petille.univ-poitiers.fr\/notice\/view\/58672\" target=\"_blank\" rel=\"noopener\">Th\u00e9venier V\u00e9ronique-Am\u00e9liorer l\u2019estime de soi d\u2019\u00e9l\u00e8ves en ULIS- Art-th\u00e9rapie -Mandala et arts plastiques.<\/a><\/i><\/p><p align=\"left\" data-wnd_is_separable=\"1\" data-wnd_separable_index=\"10\" data-wnd_separable_id=\"wnd_TextBlock_189844\"><img loading=\"lazy\" decoding=\"async\" class=\"alignnone wp-image-138\" src=\"http:\/\/lesoinparlart.fr\/wp-content\/uploads\/2020\/07\/paul-val\u00e9ry-300x152.jpg\" alt=\"\" width=\"105\" height=\"53\" srcset=\"https:\/\/lesoinparlart.fr\/wp-content\/uploads\/2020\/07\/paul-val\u00e9ry-300x152.jpg 300w, https:\/\/lesoinparlart.fr\/wp-content\/uploads\/2020\/07\/paul-val\u00e9ry.jpg 315w\" sizes=\"(max-width: 105px) 100vw, 105px\" \/>\u00a0<strong> Master 1, esth\u00e9tique et psychanalyse<\/strong> , en 2018, \u00e0 l&#8217;universit\u00e9 Paul-Val\u00e9ry Montpellier 3.<\/p><p id=\"wnd_TextBlock_189844_inner_11\" align=\"left\" data-wnd_is_separable=\"1\" data-wnd_separable_index=\"11\" data-wnd_separable_id=\"wnd_TextBlock_189844\"><img loading=\"lazy\" decoding=\"async\" class=\"alignnone wp-image-137\" src=\"http:\/\/lesoinparlart.fr\/wp-content\/uploads\/2020\/07\/professeur-des-\u00e9coles-300x144.png\" alt=\"\" width=\"121\" height=\"58\" srcset=\"https:\/\/lesoinparlart.fr\/wp-content\/uploads\/2020\/07\/professeur-des-\u00e9coles-300x144.png 300w, https:\/\/lesoinparlart.fr\/wp-content\/uploads\/2020\/07\/professeur-des-\u00e9coles.png 324w\" sizes=\"(max-width: 121px) 100vw, 121px\" \/><strong>Dipl\u00f4me de professeur des \u00e9coles <\/strong>en 2001 \u00e0 Versailles<b>.<\/b><\/p><p id=\"wnd_TextBlock_189844_inner_11\" align=\"left\" data-wnd_is_separable=\"1\" data-wnd_separable_index=\"11\" data-wnd_separable_id=\"wnd_TextBlock_189844\"><b><img loading=\"lazy\" decoding=\"async\" class=\"alignnone wp-image-639\" src=\"https:\/\/lesoinparlart.fr\/wp-content\/uploads\/2020\/08\/aix-marseille-150x115.jpg\" alt=\"\" width=\"128\" height=\"98\" \/><\/b><br \/><b>Licence <\/b>en<b> arts plastiques<\/b> en 1990 \u00e0 la l&#8217;Universit\u00e9 d&#8217;Aix\/Marseille.<\/p><\/div>\n\t\t\t\t<\/div>\n\t\t\t\t<\/div>\n\t\t\t\t\t\t<\/div>\n\t\t\t<\/div>\n\t\t<\/div>\n\t\t\t\t<div class=\"elementor-element elementor-element-df25168 elementor-column elementor-col-50 elementor-top-column\" data-id=\"df25168\" data-element_type=\"column\">\n\t\t\t<div class=\"elementor-column-wrap  elementor-element-populated\">\n\t\t\t\t\t<div class=\"elementor-widget-wrap\">\n\t\t\t\t<div class=\"elementor-element elementor-element-9843ffc elementor-widget elementor-widget-text-editor\" data-id=\"9843ffc\" data-element_type=\"widget\" data-widget_type=\"text-editor.default\">\n\t\t\t\t<div class=\"elementor-widget-container\">\n\t\t\t\t\t<div class=\"elementor-text-editor elementor-clearfix\"><h2 align=\"left\" data-wnd_is_separable=\"1\" data-wnd_separable_index=\"12\" data-wnd_separable_id=\"wnd_TextBlock_189844\"><em>Mes formations certifiantes.<\/em><\/h2>\n<p id=\"wnd_TextBlock_189844_inner_13\" align=\"left\" data-wnd_is_separable=\"1\" data-wnd_separable_index=\"13\" data-wnd_separable_id=\"wnd_TextBlock_189844\">&#8211;<img loading=\"lazy\" decoding=\"async\" class=\"alignnone wp-image-139\" src=\"http:\/\/lesoinparlart.fr\/wp-content\/uploads\/2020\/07\/inecat.jpg\" alt=\"\" width=\"120\" height=\"66\"> <strong>Sessions de<\/strong>&nbsp;<strong>formation intensives en m\u00e9diation artistique \u00e0 l&#8217;INECAT \u00e0 Paris<\/strong>.<\/p>\n<ul>\n<li>Ecriture collective et individuelle ( formateur Bernard Cadoux, psychologue clinicien et art-th\u00e9rapeute).<\/li>\n<li>Cycle mandala, du conte, du temple, du totem( Formatrice Annie Languille, art-th\u00e9rapeute)<br><img loading=\"lazy\" decoding=\"async\" class=\"alignnone wp-image-1359\" src=\"https:\/\/lesoinparlart.fr\/wp-content\/uploads\/2020\/08\/arno-stern.jpg\" alt=\"\" width=\"96\" height=\"91\"><span style=\"font-size: 14px;\">&nbsp;<\/span><\/li>\n<li>Formation au jeu de peindre chez l&#8217;institut Arno Stern \u00e0 Paris.<\/li>\n<\/ul>\n<p id=\"wnd_TextBlock_189844_inner_15\" align=\"left\" data-wnd_is_separable=\"1\" data-wnd_separable_index=\"15\" data-wnd_separable_id=\"wnd_TextBlock_189844\"><img loading=\"lazy\" decoding=\"async\" class=\"alignnone wp-image-141\" src=\"https:\/\/lesoinparlart.fr\/wp-content\/uploads\/2020\/07\/ba.jpg\" alt=\"\" width=\"122\" height=\"122\" srcset=\"https:\/\/lesoinparlart.fr\/wp-content\/uploads\/2020\/07\/ba.jpg 225w, https:\/\/lesoinparlart.fr\/wp-content\/uploads\/2020\/07\/ba-150x150.jpg 150w\" sizes=\"(max-width: 122px) 100vw, 122px\" \/><\/p>\n<ul>\n<li data-wnd_is_separable=\"1\" data-wnd_separable_index=\"15\" data-wnd_separable_id=\"wnd_TextBlock_189844\">Formation pour adultes aux Beaux-arts de Nantes en dessin contemporain et peinture acrylique.<\/li><li data-wnd_is_separable=\"1\" data-wnd_separable_index=\"15\" data-wnd_separable_id=\"wnd_TextBlock_189844\">Stage de formation \u00e0 l&#8217;\u00e9criture po\u00e9tique et de sc\u00e9nario.<\/li><li data-wnd_is_separable=\"1\" data-wnd_separable_index=\"15\" data-wnd_separable_id=\"wnd_TextBlock_189844\">Stage de prise en main de Photoshop.<\/li><\/ul>\n<p align=\"left\" data-wnd_is_separable=\"1\" data-wnd_separable_index=\"16\" data-wnd_separable_id=\"wnd_TextBlock_189844\">\n<\/p><\/div>\n\t\t\t\t<\/div>\n\t\t\t\t<\/div>\n\t\t\t\t\t\t<\/div>\n\t\t\t<\/div>\n\t\t<\/div>\n\t\t\t\t\t\t<\/div>\n\t\t\t<\/div>\n\t\t<\/section>\n\t\t\t\t<section class=\"elementor-element elementor-element-47e9fcb elementor-section-boxed elementor-section-height-default elementor-section-height-default elementor-section elementor-top-section\" data-id=\"47e9fcb\" data-element_type=\"section\">\n\t\t\t\t\t\t<div class=\"elementor-container elementor-column-gap-default\">\n\t\t\t\t<div class=\"elementor-row\">\n\t\t\t\t<div class=\"elementor-element elementor-element-a5295b6 elementor-column elementor-col-100 elementor-top-column\" data-id=\"a5295b6\" data-element_type=\"column\">\n\t\t\t<div class=\"elementor-column-wrap  elementor-element-populated\">\n\t\t\t\t\t<div class=\"elementor-widget-wrap\">\n\t\t\t\t<div class=\"elementor-element elementor-element-3568c5a elementor-widget elementor-widget-heading\" data-id=\"3568c5a\" data-element_type=\"widget\" data-widget_type=\"heading.default\">\n\t\t\t\t<div class=\"elementor-widget-container\">\n\t\t\t<h2 class=\"elementor-heading-title elementor-size-default\">Le soin par l'art     -        SIRET    853 613 487 000<\/h2>\t\t<\/div>\n\t\t\t\t<\/div>\n\t\t\t\t\t\t<\/div>\n\t\t\t<\/div>\n\t\t<\/div>\n\t\t\t\t\t\t<\/div>\n\t\t\t<\/div>\n\t\t<\/section>\n\t\t\t\t\t\t<\/div>\n\t\t\t<\/div>\n\t\t<\/div>\n\t\t","protected":false},"excerpt":{"rendered":"<p>V\u00e9ronique Th\u00e9venier Art-th\u00e9rapeute, m\u00e9diatrice artistique et enseignante.Qui suis-je? Page d&#8217;accueil Ma philosophie: &#8221; La meilleure \u0153uvre d&#8217;art est celle qui nous fait du bien !&#8221; \u00a0 \u00a0 \u00a0 \u00a0 \u00a0 \u00a0 \u00a0 \u00a0 \u00a0 \u00a0 \u00a0 \u00a0 \u00a0 \u00a0 \u00a0 \u00a0 \u00a0 \u00a0 \u00a0 \u00a0 \u00a0 \u00a0 Auteur anonyme. J&#8217;ai toujours peint, dessin\u00e9, \u00e9crit. Une [&hellip;]<\/p>\n","protected":false},"author":1,"featured_media":135,"parent":0,"menu_order":0,"comment_status":"closed","ping_status":"closed","template":"","meta":{"spay_email":"","footnotes":""},"yoast_head":"<!-- This site is optimized with the Yoast SEO plugin v14.7 - https:\/\/yoast.com\/wordpress\/plugins\/seo\/ -->\n<title>V\u00e9ronique Th\u00e9venier- Qui suis-je ? -<\/title>\n<meta name=\"description\" content=\"V\u00e9ronique Th\u00e9venier- Quel est ma formation en tant qu&#039;art-th\u00e9rapeute? Quel est mon parcours personnel et professionnel?\" \/>\n<meta name=\"robots\" content=\"index, follow\" \/>\n<meta name=\"googlebot\" content=\"index, follow, max-snippet:-1, max-image-preview:large, max-video-preview:-1\" \/>\n<meta name=\"bingbot\" content=\"index, follow, max-snippet:-1, max-image-preview:large, max-video-preview:-1\" \/>\n<link rel=\"canonical\" href=\"https:\/\/lesoinparlart.fr\/index.php\/qui-suis-mon-parcours\/\" \/>\n<meta property=\"og:locale\" content=\"en_US\" \/>\n<meta property=\"og:type\" content=\"article\" \/>\n<meta property=\"og:title\" content=\"V\u00e9ronique Th\u00e9venier- Qui suis-je ? -\" \/>\n<meta property=\"og:description\" content=\"V\u00e9ronique Th\u00e9venier- Quel est ma formation en tant qu&#039;art-th\u00e9rapeute? Quel est mon parcours personnel et professionnel?\" \/>\n<meta property=\"og:url\" content=\"https:\/\/lesoinparlart.fr\/index.php\/qui-suis-mon-parcours\/\" \/>\n<meta property=\"article:modified_time\" content=\"2024-02-20T14:59:06+00:00\" \/>\n<meta property=\"og:image\" content=\"https:\/\/lesoinparlart.fr\/wp-content\/uploads\/2020\/07\/mon-parcours.png\" \/>\n\t<meta property=\"og:image:width\" content=\"298\" \/>\n\t<meta property=\"og:image:height\" content=\"169\" \/>\n<meta name=\"twitter:card\" content=\"summary_large_image\" \/>\n<script type=\"application\/ld+json\" class=\"yoast-schema-graph\">{\"@context\":\"https:\/\/schema.org\",\"@graph\":[{\"@type\":\"WebSite\",\"@id\":\"https:\/\/lesoinparlart.fr\/#website\",\"url\":\"https:\/\/lesoinparlart.fr\/\",\"name\":\"\",\"description\":\"\",\"potentialAction\":[{\"@type\":\"SearchAction\",\"target\":\"https:\/\/lesoinparlart.fr\/?s={search_term_string}\",\"query-input\":\"required name=search_term_string\"}],\"inLanguage\":\"en-US\"},{\"@type\":\"ImageObject\",\"@id\":\"https:\/\/lesoinparlart.fr\/index.php\/qui-suis-mon-parcours\/#primaryimage\",\"inLanguage\":\"en-US\",\"url\":\"https:\/\/lesoinparlart.fr\/wp-content\/uploads\/2020\/07\/mon-parcours.png\",\"width\":298,\"height\":169},{\"@type\":\"WebPage\",\"@id\":\"https:\/\/lesoinparlart.fr\/index.php\/qui-suis-mon-parcours\/#webpage\",\"url\":\"https:\/\/lesoinparlart.fr\/index.php\/qui-suis-mon-parcours\/\",\"name\":\"V\\u00e9ronique Th\\u00e9venier- Qui suis-je ? -\",\"isPartOf\":{\"@id\":\"https:\/\/lesoinparlart.fr\/#website\"},\"primaryImageOfPage\":{\"@id\":\"https:\/\/lesoinparlart.fr\/index.php\/qui-suis-mon-parcours\/#primaryimage\"},\"datePublished\":\"2020-07-27T21:58:00+00:00\",\"dateModified\":\"2024-02-20T14:59:06+00:00\",\"description\":\"V\\u00e9ronique Th\\u00e9venier- Quel est ma formation en tant qu'art-th\\u00e9rapeute? Quel est mon parcours personnel et professionnel?\",\"inLanguage\":\"en-US\",\"potentialAction\":[{\"@type\":\"ReadAction\",\"target\":[\"https:\/\/lesoinparlart.fr\/index.php\/qui-suis-mon-parcours\/\"]}]}]}<\/script>\n<!-- \/ Yoast SEO plugin. -->","_links":{"self":[{"href":"https:\/\/lesoinparlart.fr\/index.php\/wp-json\/wp\/v2\/pages\/134"}],"collection":[{"href":"https:\/\/lesoinparlart.fr\/index.php\/wp-json\/wp\/v2\/pages"}],"about":[{"href":"https:\/\/lesoinparlart.fr\/index.php\/wp-json\/wp\/v2\/types\/page"}],"author":[{"embeddable":true,"href":"https:\/\/lesoinparlart.fr\/index.php\/wp-json\/wp\/v2\/users\/1"}],"replies":[{"embeddable":true,"href":"https:\/\/lesoinparlart.fr\/index.php\/wp-json\/wp\/v2\/comments?post=134"}],"version-history":[{"count":63,"href":"https:\/\/lesoinparlart.fr\/index.php\/wp-json\/wp\/v2\/pages\/134\/revisions"}],"predecessor-version":[{"id":2657,"href":"https:\/\/lesoinparlart.fr\/index.php\/wp-json\/wp\/v2\/pages\/134\/revisions\/2657"}],"wp:featuredmedia":[{"embeddable":true,"href":"https:\/\/lesoinparlart.fr\/index.php\/wp-json\/wp\/v2\/media\/135"}],"wp:attachment":[{"href":"https:\/\/lesoinparlart.fr\/index.php\/wp-json\/wp\/v2\/media?parent=134"}],"curies":[{"name":"wp","href":"https:\/\/api.w.org\/{rel}","templated":true}]}}