{"id":1915,"date":"2020-10-21T03:11:12","date_gmt":"2020-10-21T01:11:12","guid":{"rendered":"https:\/\/lesoinparlart.fr\/?page_id=1915"},"modified":"2024-02-22T11:28:56","modified_gmt":"2024-02-22T10:28:56","slug":"ateliers-creatifs-dans-le-cadre-du-developpement-personnel","status":"publish","type":"page","link":"https:\/\/lesoinparlart.fr\/index.php\/ateliers-creatifs-dans-le-cadre-du-developpement-personnel\/","title":{"rendered":"Ateliers cr\u00e9atifs tout public dans le cadre du d\u00e9veloppement personnel."},"content":{"rendered":"\t\t<div data-elementor-type=\"wp-page\" data-elementor-id=\"1915\" class=\"elementor elementor-1915\" data-elementor-settings=\"[]\">\n\t\t\t<div class=\"elementor-inner\">\n\t\t\t\t<div class=\"elementor-section-wrap\">\n\t\t\t\t\t\t\t<section class=\"elementor-element elementor-element-82b7e5c elementor-section-boxed elementor-section-height-default elementor-section-height-default elementor-section elementor-top-section\" data-id=\"82b7e5c\" data-element_type=\"section\">\n\t\t\t\t\t\t<div class=\"elementor-container elementor-column-gap-default\">\n\t\t\t\t<div class=\"elementor-row\">\n\t\t\t\t<div class=\"elementor-element elementor-element-b4c2073 elementor-column elementor-col-100 elementor-top-column\" data-id=\"b4c2073\" data-element_type=\"column\">\n\t\t\t<div class=\"elementor-column-wrap  elementor-element-populated\">\n\t\t\t\t\t<div class=\"elementor-widget-wrap\">\n\t\t\t\t<div class=\"elementor-element elementor-element-83f13b6 elementor-widget elementor-widget-heading\" data-id=\"83f13b6\" data-element_type=\"widget\" data-widget_type=\"heading.default\">\n\t\t\t\t<div class=\"elementor-widget-container\">\n\t\t\t<h2 class=\"elementor-heading-title elementor-size-default\">La m\u00e9diation artistique: une possibilit\u00e9 infinie de d\u00e9veloppement personnel!<\/h2>\t\t<\/div>\n\t\t\t\t<\/div>\n\t\t\t\t\t\t<\/div>\n\t\t\t<\/div>\n\t\t<\/div>\n\t\t\t\t\t\t<\/div>\n\t\t\t<\/div>\n\t\t<\/section>\n\t\t\t\t<section class=\"elementor-element elementor-element-af0a985 elementor-section-boxed elementor-section-height-default elementor-section-height-default elementor-section elementor-top-section\" data-id=\"af0a985\" data-element_type=\"section\">\n\t\t\t\t\t\t<div class=\"elementor-container elementor-column-gap-default\">\n\t\t\t\t<div class=\"elementor-row\">\n\t\t\t\t<div class=\"elementor-element elementor-element-90c40ea elementor-column elementor-col-100 elementor-top-column\" data-id=\"90c40ea\" data-element_type=\"column\">\n\t\t\t<div class=\"elementor-column-wrap  elementor-element-populated\">\n\t\t\t\t\t<div class=\"elementor-widget-wrap\">\n\t\t\t\t<div class=\"elementor-element elementor-element-30c8a1d elementor-widget elementor-widget-button\" data-id=\"30c8a1d\" data-element_type=\"widget\" data-widget_type=\"button.default\">\n\t\t\t\t<div class=\"elementor-widget-container\">\n\t\t\t\t\t<div class=\"elementor-button-wrapper\">\n\t\t\t<a href=\"https:\/\/lesoinparlart.fr\/\" class=\"elementor-button-link elementor-button elementor-size-sm\" role=\"button\">\n\t\t\t\t\t\t<span class=\"elementor-button-content-wrapper\">\n\t\t\t\t\t\t<span class=\"elementor-button-icon elementor-align-icon-left\">\n\t\t\t\t<i aria-hidden=\"true\" class=\"far fa-arrow-alt-circle-up\"><\/i>\t\t\t<\/span>\n\t\t\t\t\t\t<span class=\"elementor-button-text\">Page d'accueil.<\/span>\n\t\t<\/span>\n\t\t\t\t\t<\/a>\n\t\t<\/div>\n\t\t\t\t<\/div>\n\t\t\t\t<\/div>\n\t\t\t\t\t\t<\/div>\n\t\t\t<\/div>\n\t\t<\/div>\n\t\t\t\t\t\t<\/div>\n\t\t\t<\/div>\n\t\t<\/section>\n\t\t\t\t<section class=\"elementor-element elementor-element-eb7c1a3 elementor-section-boxed elementor-section-height-default elementor-section-height-default elementor-section elementor-top-section\" data-id=\"eb7c1a3\" data-element_type=\"section\">\n\t\t\t\t\t\t<div class=\"elementor-container elementor-column-gap-default\">\n\t\t\t\t<div class=\"elementor-row\">\n\t\t\t\t<div class=\"elementor-element elementor-element-729181d elementor-column elementor-col-50 elementor-top-column\" data-id=\"729181d\" data-element_type=\"column\">\n\t\t\t<div class=\"elementor-column-wrap  elementor-element-populated\">\n\t\t\t\t\t<div class=\"elementor-widget-wrap\">\n\t\t\t\t<div class=\"elementor-element elementor-element-b8b4b45 elementor-invisible elementor-widget elementor-widget-image\" data-id=\"b8b4b45\" data-element_type=\"widget\" data-settings=\"{&quot;_animation&quot;:&quot;rotateInUpLeft&quot;}\" data-widget_type=\"image.default\">\n\t\t\t\t<div class=\"elementor-widget-container\">\n\t\t\t\t\t<div class=\"elementor-image\">\n\t\t\t\t\t\t\t\t\t\t<img loading=\"lazy\" decoding=\"async\" width=\"900\" height=\"738\" src=\"https:\/\/lesoinparlart.fr\/wp-content\/uploads\/2020\/08\/art-th\u00e9rapie-et-violence.jpg\" class=\"attachment-large size-large\" alt=\"\" srcset=\"https:\/\/lesoinparlart.fr\/wp-content\/uploads\/2020\/08\/art-th\u00e9rapie-et-violence.jpg 900w, https:\/\/lesoinparlart.fr\/wp-content\/uploads\/2020\/08\/art-th\u00e9rapie-et-violence-300x246.jpg 300w, https:\/\/lesoinparlart.fr\/wp-content\/uploads\/2020\/08\/art-th\u00e9rapie-et-violence-768x630.jpg 768w\" sizes=\"(max-width: 900px) 100vw, 900px\" \/>\t\t\t\t\t\t\t\t\t\t\t<\/div>\n\t\t\t\t<\/div>\n\t\t\t\t<\/div>\n\t\t\t\t\t\t<\/div>\n\t\t\t<\/div>\n\t\t<\/div>\n\t\t\t\t<div class=\"elementor-element elementor-element-6f4f1cf elementor-column elementor-col-50 elementor-top-column\" data-id=\"6f4f1cf\" data-element_type=\"column\">\n\t\t\t<div class=\"elementor-column-wrap  elementor-element-populated\">\n\t\t\t\t\t<div class=\"elementor-widget-wrap\">\n\t\t\t\t<div class=\"elementor-element elementor-element-ab98fd0 elementor-invisible elementor-widget elementor-widget-text-editor\" data-id=\"ab98fd0\" data-element_type=\"widget\" data-settings=\"{&quot;_animation&quot;:&quot;zoomInLeft&quot;}\" data-widget_type=\"text-editor.default\">\n\t\t\t\t<div class=\"elementor-widget-container\">\n\t\t\t\t\t<div class=\"elementor-text-editor elementor-clearfix\"><p><span class=\"color_18\"><span style=\"vertical-align: inherit;\"><span style=\"vertical-align: inherit;\"><font style=\"vertical-align: inherit;\"><font style=\"vertical-align: inherit;\">La m\u00e9diation artistique<\/font><\/font><\/span><\/span><\/span><span style=\"vertical-align: inherit;\"><span style=\"vertical-align: inherit;\"><font style=\"vertical-align: inherit;\"><font style=\"vertical-align: inherit;\">  &nbsp;favorise l&#8217;entr\u00e9e dans un dialogue int\u00e9rieur de la personne en cr\u00e9ation, quelque soit son \u00e2ge.&nbsp;<\/font><\/font><\/span><\/span><\/p>\n<p><span style=\"font-size: 14px;\"><span style=\"vertical-align: inherit;\"><span style=\"vertical-align: inherit;\"><font style=\"vertical-align: inherit;\"><font style=\"vertical-align: inherit;\">Gr\u00e2ce \u00e0 une plus grande \u00e9coute de soi, une meilleure compr\u00e9hension de nos \u00e9motions et de leur gestion en d\u00e9coulent.<\/font><\/font><\/span><\/span><\/span><\/p>\n<p><img loading=\"lazy\" decoding=\"async\" class=\"alignnone size-full wp-image-625\" src=\"https:\/\/lesoinparlart.fr\/wp-content\/uploads\/2020\/08\/chemin-int\u00e9rieur-art-th\u00e9rapie.jpg\" alt=\"\" width=\"300\" height=\"225\"><\/p>\n<p><span style=\"font-size: 14px;\"><span style=\"vertical-align: inherit;\"><span style=\"vertical-align: inherit;\"><font style=\"vertical-align: inherit;\"><font style=\"vertical-align: inherit;\"><font style=\"vertical-align: inherit;\"><font style=\"vertical-align: inherit;\">Ce chemin nous ouvre \u00e0 notre monde int\u00e9rieur, qui devient peu \u00e0 peu,&nbsp;<\/font><\/font><\/font><\/font><\/span><\/span><\/span><\/p><p><span style=\"font-size: 14px;\"><font style=\"vertical-align: inherit;\"><font style=\"vertical-align: inherit;\">&nbsp; &nbsp; &nbsp; &nbsp; &nbsp; &nbsp; &nbsp; &nbsp; &nbsp; &nbsp; &nbsp; &nbsp;&#8220;\u00e0 port\u00e9e de main&#8221;.&nbsp;<\/font><\/font><\/span><\/p>\n<p><span style=\"font-size: 14px;\"><span style=\"vertical-align: inherit;\"><span style=\"vertical-align: inherit;\"><font style=\"vertical-align: inherit;\"><font style=\"vertical-align: inherit;\">Notre potentiel d&#8217;expression, nos capacit\u00e9s de cr\u00e9ation s&#8217;\u00e9veillent toujours davantage, pour notre plus grand bonheur.<\/font><\/font><\/span><\/span><\/span><\/p><\/div>\n\t\t\t\t<\/div>\n\t\t\t\t<\/div>\n\t\t\t\t\t\t<\/div>\n\t\t\t<\/div>\n\t\t<\/div>\n\t\t\t\t\t\t<\/div>\n\t\t\t<\/div>\n\t\t<\/section>\n\t\t\t\t<section class=\"elementor-element elementor-element-4b7e25b elementor-section-boxed elementor-section-height-default elementor-section-height-default elementor-section elementor-top-section\" data-id=\"4b7e25b\" data-element_type=\"section\">\n\t\t\t\t\t\t<div class=\"elementor-container elementor-column-gap-default\">\n\t\t\t\t<div class=\"elementor-row\">\n\t\t\t\t<div class=\"elementor-element elementor-element-09c29f3 elementor-column elementor-col-100 elementor-top-column\" data-id=\"09c29f3\" data-element_type=\"column\">\n\t\t\t<div class=\"elementor-column-wrap  elementor-element-populated\">\n\t\t\t\t\t<div class=\"elementor-widget-wrap\">\n\t\t\t\t<div class=\"elementor-element elementor-element-d54fbf7 elementor-arrows-position-inside elementor-pagination-position-outside elementor-widget elementor-widget-image-carousel\" data-id=\"d54fbf7\" data-element_type=\"widget\" data-settings=\"{&quot;navigation&quot;:&quot;both&quot;,&quot;autoplay&quot;:&quot;yes&quot;,&quot;pause_on_hover&quot;:&quot;yes&quot;,&quot;pause_on_interaction&quot;:&quot;yes&quot;,&quot;autoplay_speed&quot;:5000,&quot;infinite&quot;:&quot;yes&quot;,&quot;speed&quot;:500,&quot;direction&quot;:&quot;ltr&quot;}\" data-widget_type=\"image-carousel.default\">\n\t\t\t\t<div class=\"elementor-widget-container\">\n\t\t\t\t\t<div class=\"elementor-image-carousel-wrapper swiper-container\" dir=\"ltr\">\n\t\t\t<div class=\"elementor-image-carousel swiper-wrapper\">\n\t\t\t\t<div class=\"swiper-slide\"><figure class=\"swiper-slide-inner\"><img decoding=\"async\" class=\"swiper-slide-image\" src=\"https:\/\/lesoinparlart.fr\/wp-content\/uploads\/2020\/08\/art-th\u00e9rapie-et-addiction-150x150.jpg\" alt=\"art-th\u00e9rapie et addiction\" \/><\/figure><\/div><div class=\"swiper-slide\"><figure class=\"swiper-slide-inner\"><img decoding=\"async\" class=\"swiper-slide-image\" src=\"https:\/\/lesoinparlart.fr\/wp-content\/uploads\/2020\/08\/banc-et-chemin-150x150.jpg\" alt=\"banc et chemin\" \/><\/figure><\/div><div class=\"swiper-slide\"><figure class=\"swiper-slide-inner\"><img decoding=\"async\" class=\"swiper-slide-image\" src=\"https:\/\/lesoinparlart.fr\/wp-content\/uploads\/2020\/08\/art-th\u00e9rapie-et-deuil-150x150.jpg\" alt=\"art-th\u00e9rapie et deuil\" \/><\/figure><\/div><div class=\"swiper-slide\"><figure class=\"swiper-slide-inner\"><img decoding=\"async\" class=\"swiper-slide-image\" src=\"https:\/\/lesoinparlart.fr\/wp-content\/uploads\/2020\/08\/mains-enfant-art-th\u00e9rapie-150x150.jpg\" alt=\"mains enfant art-th\u00e9rapie\" \/><\/figure><\/div><div class=\"swiper-slide\"><figure class=\"swiper-slide-inner\"><img decoding=\"async\" class=\"swiper-slide-image\" src=\"https:\/\/lesoinparlart.fr\/wp-content\/uploads\/2020\/08\/art-th\u00e9rapie-main5-150x150.jpg\" alt=\"art-th\u00e9rapie main5\" \/><\/figure><\/div><div class=\"swiper-slide\"><figure class=\"swiper-slide-inner\"><img decoding=\"async\" class=\"swiper-slide-image\" src=\"https:\/\/lesoinparlart.fr\/wp-content\/uploads\/2020\/08\/art-th\u00e9rapie-et-cancer-1-150x150.jpg\" alt=\"art-th\u00e9rapie et cancer\" \/><\/figure><\/div><div class=\"swiper-slide\"><figure class=\"swiper-slide-inner\"><img decoding=\"async\" class=\"swiper-slide-image\" src=\"https:\/\/lesoinparlart.fr\/wp-content\/uploads\/2020\/08\/mus\u00e9e-mbam-art-th\u00e9rapie-150x150.jpg\" alt=\"mus\u00e9e mbam art-th\u00e9rapie\" \/><\/figure><\/div>\t\t\t<\/div>\n\t\t\t\t\t\t\t\t\t\t\t\t<div class=\"swiper-pagination\"><\/div>\n\t\t\t\t\t\t\t\t\t\t\t\t\t<div class=\"elementor-swiper-button elementor-swiper-button-prev\">\n\t\t\t\t\t\t<i class=\"eicon-chevron-left\" aria-hidden=\"true\"><\/i>\n\t\t\t\t\t\t<span class=\"elementor-screen-only\">Previous<\/span>\n\t\t\t\t\t<\/div>\n\t\t\t\t\t<div class=\"elementor-swiper-button elementor-swiper-button-next\">\n\t\t\t\t\t\t<i class=\"eicon-chevron-right\" aria-hidden=\"true\"><\/i>\n\t\t\t\t\t\t<span class=\"elementor-screen-only\">Next<\/span>\n\t\t\t\t\t<\/div>\n\t\t\t\t\t\t\t\t\t<\/div>\n\t\t\t\t<\/div>\n\t\t\t\t<\/div>\n\t\t\t\t\t\t<\/div>\n\t\t\t<\/div>\n\t\t<\/div>\n\t\t\t\t\t\t<\/div>\n\t\t\t<\/div>\n\t\t<\/section>\n\t\t\t\t<section class=\"elementor-element elementor-element-08e7b52 elementor-section-boxed elementor-section-height-default elementor-section-height-default elementor-section elementor-top-section\" data-id=\"08e7b52\" data-element_type=\"section\">\n\t\t\t\t\t\t<div class=\"elementor-container elementor-column-gap-default\">\n\t\t\t\t<div class=\"elementor-row\">\n\t\t\t\t<div class=\"elementor-element elementor-element-a51fc2b elementor-column elementor-col-100 elementor-top-column\" data-id=\"a51fc2b\" data-element_type=\"column\">\n\t\t\t<div class=\"elementor-column-wrap  elementor-element-populated\">\n\t\t\t\t\t<div class=\"elementor-widget-wrap\">\n\t\t\t\t<div class=\"elementor-element elementor-element-d6aa56f elementor-widget elementor-widget-text-editor\" data-id=\"d6aa56f\" data-element_type=\"widget\" data-widget_type=\"text-editor.default\">\n\t\t\t\t<div class=\"elementor-widget-container\">\n\t\t\t\t\t<div class=\"elementor-text-editor elementor-clearfix\"><p><span style=\"font-size: 14px;\">De l&#8217;enfant au s\u00e9nior, quelle\u00a0<\/span><span style=\"font-size: 14px;\">joie d&#8217;avoir l&#8217;opportunit\u00e9 de prendre conscience de sa cr\u00e9ativit\u00e9 !<\/span><\/p><p><span style=\"font-size: 14px;\">\u00a0<\/span><\/p><\/div>\n\t\t\t\t<\/div>\n\t\t\t\t<\/div>\n\t\t\t\t\t\t<\/div>\n\t\t\t<\/div>\n\t\t<\/div>\n\t\t\t\t\t\t<\/div>\n\t\t\t<\/div>\n\t\t<\/section>\n\t\t\t\t<section class=\"elementor-element elementor-element-7618e18 elementor-section-boxed elementor-section-height-default elementor-section-height-default elementor-section elementor-top-section\" data-id=\"7618e18\" data-element_type=\"section\">\n\t\t\t\t\t\t<div class=\"elementor-container elementor-column-gap-default\">\n\t\t\t\t<div class=\"elementor-row\">\n\t\t\t\t<div class=\"elementor-element elementor-element-1d02fe8 elementor-column elementor-col-100 elementor-top-column\" data-id=\"1d02fe8\" data-element_type=\"column\">\n\t\t\t<div class=\"elementor-column-wrap  elementor-element-populated\">\n\t\t\t\t\t<div class=\"elementor-widget-wrap\">\n\t\t\t\t<div class=\"elementor-element elementor-element-984d03e elementor-widget elementor-widget-heading\" data-id=\"984d03e\" data-element_type=\"widget\" data-widget_type=\"heading.default\">\n\t\t\t\t<div class=\"elementor-widget-container\">\n\t\t\t<h2 class=\"elementor-heading-title elementor-size-default\">La m\u00e9diation artistique: une belle exp\u00e9rience \u00e0 vivre ensemble!<\/h2>\t\t<\/div>\n\t\t\t\t<\/div>\n\t\t\t\t\t\t<\/div>\n\t\t\t<\/div>\n\t\t<\/div>\n\t\t\t\t\t\t<\/div>\n\t\t\t<\/div>\n\t\t<\/section>\n\t\t\t\t<section class=\"elementor-element elementor-element-bfccc22 elementor-section-boxed elementor-section-height-default elementor-section-height-default elementor-section elementor-top-section\" data-id=\"bfccc22\" data-element_type=\"section\">\n\t\t\t\t\t\t<div class=\"elementor-container elementor-column-gap-default\">\n\t\t\t\t<div class=\"elementor-row\">\n\t\t\t\t<div class=\"elementor-element elementor-element-d40125d elementor-column elementor-col-50 elementor-top-column\" data-id=\"d40125d\" data-element_type=\"column\">\n\t\t\t<div class=\"elementor-column-wrap  elementor-element-populated\">\n\t\t\t\t\t<div class=\"elementor-widget-wrap\">\n\t\t\t\t<div class=\"elementor-element elementor-element-ba713db elementor-invisible elementor-widget elementor-widget-image\" data-id=\"ba713db\" data-element_type=\"widget\" data-settings=\"{&quot;_animation&quot;:&quot;fadeIn&quot;}\" data-widget_type=\"image.default\">\n\t\t\t\t<div class=\"elementor-widget-container\">\n\t\t\t\t\t<div class=\"elementor-image\">\n\t\t\t\t\t\t\t\t\t\t<img loading=\"lazy\" decoding=\"async\" width=\"400\" height=\"250\" src=\"https:\/\/lesoinparlart.fr\/wp-content\/uploads\/2020\/08\/cr\u00e9ativit\u00e9-et-art-th\u00e9rapie.jpg\" class=\"attachment-large size-large\" alt=\"\" srcset=\"https:\/\/lesoinparlart.fr\/wp-content\/uploads\/2020\/08\/cr\u00e9ativit\u00e9-et-art-th\u00e9rapie.jpg 400w, https:\/\/lesoinparlart.fr\/wp-content\/uploads\/2020\/08\/cr\u00e9ativit\u00e9-et-art-th\u00e9rapie-300x188.jpg 300w\" sizes=\"(max-width: 400px) 100vw, 400px\" \/>\t\t\t\t\t\t\t\t\t\t\t<\/div>\n\t\t\t\t<\/div>\n\t\t\t\t<\/div>\n\t\t\t\t\t\t<\/div>\n\t\t\t<\/div>\n\t\t<\/div>\n\t\t\t\t<div class=\"elementor-element elementor-element-b6ed69b elementor-column elementor-col-50 elementor-top-column\" data-id=\"b6ed69b\" data-element_type=\"column\">\n\t\t\t<div class=\"elementor-column-wrap  elementor-element-populated\">\n\t\t\t\t\t<div class=\"elementor-widget-wrap\">\n\t\t\t\t<div class=\"elementor-element elementor-element-74f0340 elementor-invisible elementor-widget elementor-widget-text-editor\" data-id=\"74f0340\" data-element_type=\"widget\" data-settings=\"{&quot;_animation&quot;:&quot;fadeInRight&quot;}\" data-widget_type=\"text-editor.default\">\n\t\t\t\t<div class=\"elementor-widget-container\">\n\t\t\t\t\t<div class=\"elementor-text-editor elementor-clearfix\"><p><span style=\"font-size: 14px;\"><span style=\"vertical-align: inherit;\"><span style=\"vertical-align: inherit;\">Cette pratique permet \u00e9galement une communication nouvelle entre les personnes d&#8217;un groupe (familles, amis, club de vacances, institutions), qu&#8217;il soit intra ou interg\u00e9n\u00e9rationnel, au travers des arts.\u00a0<\/span><\/span><\/span><\/p><p><span style=\"font-size: 14px;\"><span style=\"vertical-align: inherit;\"><span style=\"vertical-align: inherit;\">Je vous propose un accompagnement exerc\u00e9, stimulant, inventif.\u00a0<\/span><\/span><\/span><\/p><\/div>\n\t\t\t\t<\/div>\n\t\t\t\t<\/div>\n\t\t\t\t\t\t<\/div>\n\t\t\t<\/div>\n\t\t<\/div>\n\t\t\t\t\t\t<\/div>\n\t\t\t<\/div>\n\t\t<\/section>\n\t\t\t\t\t\t<\/div>\n\t\t\t<\/div>\n\t\t<\/div>\n\t\t","protected":false},"excerpt":{"rendered":"<p>La m\u00e9diation artistique: une possibilit\u00e9 infinie de d\u00e9veloppement personnel! Page d&#8217;accueil. La m\u00e9diation artistique &nbsp;favorise l&#8217;entr\u00e9e dans un dialogue int\u00e9rieur de la personne en cr\u00e9ation, quelque soit son \u00e2ge.&nbsp; Gr\u00e2ce \u00e0 une plus grande \u00e9coute de soi, une meilleure compr\u00e9hension de nos \u00e9motions et de leur gestion en d\u00e9coulent. Ce chemin nous ouvre \u00e0 notre [&hellip;]<\/p>\n","protected":false},"author":1,"featured_media":0,"parent":0,"menu_order":0,"comment_status":"closed","ping_status":"closed","template":"","meta":{"spay_email":"","footnotes":""},"yoast_head":"<!-- This site is optimized with the Yoast SEO plugin v14.7 - https:\/\/yoast.com\/wordpress\/plugins\/seo\/ -->\n<title>Ateliers cr\u00e9atifs tout public dans le cadre du d\u00e9veloppement personnel. -<\/title>\n<meta name=\"description\" content=\"Mes ateliers de m\u00e9diation artistique ont pour but le d\u00e9veloppement personnel, puisqu&#039;ils favorisent l&#039;expression et la connaissance de soi.\" \/>\n<meta name=\"robots\" content=\"index, follow\" \/>\n<meta name=\"googlebot\" content=\"index, follow, max-snippet:-1, max-image-preview:large, max-video-preview:-1\" \/>\n<meta name=\"bingbot\" content=\"index, follow, max-snippet:-1, max-image-preview:large, max-video-preview:-1\" \/>\n<link rel=\"canonical\" href=\"https:\/\/lesoinparlart.fr\/index.php\/ateliers-creatifs-dans-le-cadre-du-developpement-personnel\/\" \/>\n<meta property=\"og:locale\" content=\"en_US\" \/>\n<meta property=\"og:type\" content=\"article\" \/>\n<meta property=\"og:title\" content=\"Ateliers cr\u00e9atifs tout public dans le cadre du d\u00e9veloppement personnel. -\" \/>\n<meta property=\"og:description\" content=\"Mes ateliers de m\u00e9diation artistique ont pour but le d\u00e9veloppement personnel, puisqu&#039;ils favorisent l&#039;expression et la connaissance de soi.\" \/>\n<meta property=\"og:url\" content=\"https:\/\/lesoinparlart.fr\/index.php\/ateliers-creatifs-dans-le-cadre-du-developpement-personnel\/\" \/>\n<meta property=\"article:modified_time\" content=\"2024-02-22T10:28:56+00:00\" \/>\n<meta property=\"og:image\" content=\"https:\/\/lesoinparlart.fr\/wp-content\/uploads\/2020\/08\/art-th\u00e9rapie-et-violence.jpg\" \/>\n<meta name=\"twitter:card\" content=\"summary_large_image\" \/>\n<script type=\"application\/ld+json\" class=\"yoast-schema-graph\">{\"@context\":\"https:\/\/schema.org\",\"@graph\":[{\"@type\":\"WebSite\",\"@id\":\"https:\/\/lesoinparlart.fr\/#website\",\"url\":\"https:\/\/lesoinparlart.fr\/\",\"name\":\"\",\"description\":\"\",\"potentialAction\":[{\"@type\":\"SearchAction\",\"target\":\"https:\/\/lesoinparlart.fr\/?s={search_term_string}\",\"query-input\":\"required name=search_term_string\"}],\"inLanguage\":\"en-US\"},{\"@type\":\"ImageObject\",\"@id\":\"https:\/\/lesoinparlart.fr\/index.php\/ateliers-creatifs-dans-le-cadre-du-developpement-personnel\/#primaryimage\",\"inLanguage\":\"en-US\",\"url\":\"https:\/\/lesoinparlart.fr\/wp-content\/uploads\/2020\/08\/art-th\\u00e9rapie-et-violence.jpg\",\"width\":900,\"height\":738},{\"@type\":\"WebPage\",\"@id\":\"https:\/\/lesoinparlart.fr\/index.php\/ateliers-creatifs-dans-le-cadre-du-developpement-personnel\/#webpage\",\"url\":\"https:\/\/lesoinparlart.fr\/index.php\/ateliers-creatifs-dans-le-cadre-du-developpement-personnel\/\",\"name\":\"Ateliers cr\\u00e9atifs tout public dans le cadre du d\\u00e9veloppement personnel. -\",\"isPartOf\":{\"@id\":\"https:\/\/lesoinparlart.fr\/#website\"},\"primaryImageOfPage\":{\"@id\":\"https:\/\/lesoinparlart.fr\/index.php\/ateliers-creatifs-dans-le-cadre-du-developpement-personnel\/#primaryimage\"},\"datePublished\":\"2020-10-21T01:11:12+00:00\",\"dateModified\":\"2024-02-22T10:28:56+00:00\",\"description\":\"Mes ateliers de m\\u00e9diation artistique ont pour but le d\\u00e9veloppement personnel, puisqu'ils favorisent l'expression et la connaissance de soi.\",\"inLanguage\":\"en-US\",\"potentialAction\":[{\"@type\":\"ReadAction\",\"target\":[\"https:\/\/lesoinparlart.fr\/index.php\/ateliers-creatifs-dans-le-cadre-du-developpement-personnel\/\"]}]}]}<\/script>\n<!-- \/ Yoast SEO plugin. -->","_links":{"self":[{"href":"https:\/\/lesoinparlart.fr\/index.php\/wp-json\/wp\/v2\/pages\/1915"}],"collection":[{"href":"https:\/\/lesoinparlart.fr\/index.php\/wp-json\/wp\/v2\/pages"}],"about":[{"href":"https:\/\/lesoinparlart.fr\/index.php\/wp-json\/wp\/v2\/types\/page"}],"author":[{"embeddable":true,"href":"https:\/\/lesoinparlart.fr\/index.php\/wp-json\/wp\/v2\/users\/1"}],"replies":[{"embeddable":true,"href":"https:\/\/lesoinparlart.fr\/index.php\/wp-json\/wp\/v2\/comments?post=1915"}],"version-history":[{"count":45,"href":"https:\/\/lesoinparlart.fr\/index.php\/wp-json\/wp\/v2\/pages\/1915\/revisions"}],"predecessor-version":[{"id":2692,"href":"https:\/\/lesoinparlart.fr\/index.php\/wp-json\/wp\/v2\/pages\/1915\/revisions\/2692"}],"wp:attachment":[{"href":"https:\/\/lesoinparlart.fr\/index.php\/wp-json\/wp\/v2\/media?parent=1915"}],"curies":[{"name":"wp","href":"https:\/\/api.w.org\/{rel}","templated":true}]}}