{"id":2208,"date":"2021-05-24T21:05:57","date_gmt":"2021-05-24T19:05:57","guid":{"rendered":"https:\/\/lesoinparlart.fr\/?page_id=2208"},"modified":"2021-09-13T01:27:04","modified_gmt":"2021-09-12T23:27:04","slug":"le-peintre-de-la-goutte-deau","status":"publish","type":"page","link":"https:\/\/lesoinparlart.fr\/index.php\/le-peintre-de-la-goutte-deau\/","title":{"rendered":"Peindre des gouttes d&#8217;eau pour se soigner"},"content":{"rendered":"\t\t<div data-elementor-type=\"wp-page\" data-elementor-id=\"2208\" class=\"elementor elementor-2208\" data-elementor-settings=\"[]\">\n\t\t\t<div class=\"elementor-inner\">\n\t\t\t\t<div class=\"elementor-section-wrap\">\n\t\t\t\t\t\t\t<section class=\"elementor-element elementor-element-16da90c elementor-section-boxed elementor-section-height-default elementor-section-height-default elementor-section elementor-top-section\" data-id=\"16da90c\" data-element_type=\"section\">\n\t\t\t\t\t\t<div class=\"elementor-container elementor-column-gap-default\">\n\t\t\t\t<div class=\"elementor-row\">\n\t\t\t\t<div class=\"elementor-element elementor-element-ae44f84 elementor-column elementor-col-100 elementor-top-column\" data-id=\"ae44f84\" data-element_type=\"column\">\n\t\t\t<div class=\"elementor-column-wrap  elementor-element-populated\">\n\t\t\t\t\t<div class=\"elementor-widget-wrap\">\n\t\t\t\t<div class=\"elementor-element elementor-element-9da9164 elementor-widget elementor-widget-heading\" data-id=\"9da9164\" data-element_type=\"widget\" data-widget_type=\"heading.default\">\n\t\t\t\t<div class=\"elementor-widget-container\">\n\t\t\t<h2 class=\"elementor-heading-title elementor-size-default\">Kim Tschang-yeul, le \u00ab\u00a0peintre de la goutte d\u2019eau\u00a0\u00bb, est mort<\/h2>\t\t<\/div>\n\t\t\t\t<\/div>\n\t\t\t\t\t\t<\/div>\n\t\t\t<\/div>\n\t\t<\/div>\n\t\t\t\t\t\t<\/div>\n\t\t\t<\/div>\n\t\t<\/section>\n\t\t\t\t<section class=\"elementor-element elementor-element-49d83e7 elementor-section-boxed elementor-section-height-default elementor-section-height-default elementor-section elementor-top-section\" data-id=\"49d83e7\" data-element_type=\"section\">\n\t\t\t\t\t\t<div class=\"elementor-container elementor-column-gap-default\">\n\t\t\t\t<div class=\"elementor-row\">\n\t\t\t\t<div class=\"elementor-element elementor-element-77382d6 elementor-column elementor-col-33 elementor-top-column\" data-id=\"77382d6\" data-element_type=\"column\">\n\t\t\t<div class=\"elementor-column-wrap  elementor-element-populated\">\n\t\t\t\t\t<div class=\"elementor-widget-wrap\">\n\t\t\t\t<div class=\"elementor-element elementor-element-7c0da6b elementor-widget elementor-widget-text-editor\" data-id=\"7c0da6b\" data-element_type=\"widget\" data-widget_type=\"text-editor.default\">\n\t\t\t\t<div class=\"elementor-widget-container\">\n\t\t\t\t\t<div class=\"elementor-text-editor elementor-clearfix\"><p class=\"article__title\"><span style=\"font-size: 14px;\">Traumatis\u00e9 par la guerre de Cor\u00e9e \u00e0 laquelle il a particip\u00e9, il avait fait de son motif artistique unique un exercice th\u00e9rapeutique intime et le symbole universel des souffrances humaines. Il est d\u00e9c\u00e9d\u00e9 le 5\u00a0janvier, \u00e0 l\u2019\u00e2ge de 91\u00a0ans.<\/span><\/p><section id=\"habillagepub\" class=\"article article--single article--content\"><section class=\"zone zone--article zone--article-premium old__zone\"><header class=\"article__header \"><div class=\"article__header-wrap\"><p id=\"js-authors-trigger\" class=\"meta meta__publisher meta__publisher--header\"><span id=\"js-authors-list\" class=\"meta__author meta__author--header\">Par\u00a0<a class=\"article__author-link\" href=\"https:\/\/www.lemonde.fr\/signataires\/philippe-dagen\/\">Philippe Dagen<\/a>\u00a0 \u00a0&#8211;\u00a0<\/span><span class=\"meta__date meta__date--header\" style=\"font-size: 14px;\">Publi\u00e9 le 06 janvier 2021 \u00e0 16h21 &#8211; Mis \u00e0 jour le 06 janvier 2021 \u00e0 16h32<\/span><span style=\"font-size: 14px;\">\u00a0<\/span><\/p><\/div><\/header><\/section><\/section><\/div>\n\t\t\t\t<\/div>\n\t\t\t\t<\/div>\n\t\t\t\t\t\t<\/div>\n\t\t\t<\/div>\n\t\t<\/div>\n\t\t\t\t<div class=\"elementor-element elementor-element-58d85e2 elementor-column elementor-col-33 elementor-top-column\" data-id=\"58d85e2\" data-element_type=\"column\">\n\t\t\t<div class=\"elementor-column-wrap  elementor-element-populated\">\n\t\t\t\t\t<div class=\"elementor-widget-wrap\">\n\t\t\t\t<div class=\"elementor-element elementor-element-ac39395 elementor-widget elementor-widget-image\" data-id=\"ac39395\" data-element_type=\"widget\" data-widget_type=\"image.default\">\n\t\t\t\t<div class=\"elementor-widget-container\">\n\t\t\t\t\t<div class=\"elementor-image\">\n\t\t\t\t\t\t\t\t\t\t<img loading=\"lazy\" decoding=\"async\" width=\"712\" height=\"1024\" src=\"https:\/\/lesoinparlart.fr\/wp-content\/uploads\/2021\/05\/portrait-peintre-goutte-deau-712x1024.jpg\" class=\"attachment-large size-large\" alt=\"\" srcset=\"https:\/\/lesoinparlart.fr\/wp-content\/uploads\/2021\/05\/portrait-peintre-goutte-deau-712x1024.jpg 712w, https:\/\/lesoinparlart.fr\/wp-content\/uploads\/2021\/05\/portrait-peintre-goutte-deau-209x300.jpg 209w, https:\/\/lesoinparlart.fr\/wp-content\/uploads\/2021\/05\/portrait-peintre-goutte-deau-768x1104.jpg 768w, https:\/\/lesoinparlart.fr\/wp-content\/uploads\/2021\/05\/portrait-peintre-goutte-deau-1069x1536.jpg 1069w, https:\/\/lesoinparlart.fr\/wp-content\/uploads\/2021\/05\/portrait-peintre-goutte-deau.jpg 1328w\" sizes=\"(max-width: 712px) 100vw, 712px\" \/>\t\t\t\t\t\t\t\t\t\t\t<\/div>\n\t\t\t\t<\/div>\n\t\t\t\t<\/div>\n\t\t\t\t\t\t<\/div>\n\t\t\t<\/div>\n\t\t<\/div>\n\t\t\t\t<div class=\"elementor-element elementor-element-3f38600 elementor-column elementor-col-33 elementor-top-column\" data-id=\"3f38600\" data-element_type=\"column\">\n\t\t\t<div class=\"elementor-column-wrap  elementor-element-populated\">\n\t\t\t\t\t<div class=\"elementor-widget-wrap\">\n\t\t\t\t<div class=\"elementor-element elementor-element-2ac6e25 elementor-widget elementor-widget-text-editor\" data-id=\"2ac6e25\" data-element_type=\"widget\" data-widget_type=\"text-editor.default\">\n\t\t\t\t<div class=\"elementor-widget-container\">\n\t\t\t\t\t<div class=\"elementor-text-editor elementor-clearfix\"><\/div>\n\t\t\t\t<\/div>\n\t\t\t\t<\/div>\n\t\t\t\t\t\t<\/div>\n\t\t\t<\/div>\n\t\t<\/div>\n\t\t\t\t\t\t<\/div>\n\t\t\t<\/div>\n\t\t<\/section>\n\t\t\t\t<section class=\"elementor-element elementor-element-d96b578 elementor-section-boxed elementor-section-height-default elementor-section-height-default elementor-section elementor-top-section\" data-id=\"d96b578\" data-element_type=\"section\">\n\t\t\t\t\t\t<div class=\"elementor-container elementor-column-gap-default\">\n\t\t\t\t<div class=\"elementor-row\">\n\t\t\t\t<div class=\"elementor-element elementor-element-8e1a070 elementor-column elementor-col-50 elementor-top-column\" data-id=\"8e1a070\" data-element_type=\"column\">\n\t\t\t<div class=\"elementor-column-wrap  elementor-element-populated\">\n\t\t\t\t\t<div class=\"elementor-widget-wrap\">\n\t\t\t\t<div class=\"elementor-element elementor-element-4e66aee elementor-widget elementor-widget-text-editor\" data-id=\"4e66aee\" data-element_type=\"widget\" data-widget_type=\"text-editor.default\">\n\t\t\t\t<div class=\"elementor-widget-container\">\n\t\t\t\t\t<div class=\"elementor-text-editor elementor-clearfix\"><p>Kim Tschang-Yeul est un artiste sud-cor\u00e9en n\u00e9 \u00e0 S\u00e9oul 1929 ; il a v\u00e9cu et a travaill\u00e9\u00a0 \u00e0 Paris.<br \/><br \/>Kim Tschang-Yeul, qui a peint aujourd&#8217;hui la goutte d&#8217;eau, a modifi\u00e9 et approfondi l&#8217;expression de sa forme comme de sa signification.<\/p><\/div>\n\t\t\t\t<\/div>\n\t\t\t\t<\/div>\n\t\t\t\t\t\t<\/div>\n\t\t\t<\/div>\n\t\t<\/div>\n\t\t\t\t<div class=\"elementor-element elementor-element-64175e6 elementor-column elementor-col-50 elementor-top-column\" data-id=\"64175e6\" data-element_type=\"column\">\n\t\t\t<div class=\"elementor-column-wrap  elementor-element-populated\">\n\t\t\t\t\t<div class=\"elementor-widget-wrap\">\n\t\t\t\t<div class=\"elementor-element elementor-element-de7d860 elementor-widget elementor-widget-image\" data-id=\"de7d860\" data-element_type=\"widget\" data-widget_type=\"image.default\">\n\t\t\t\t<div class=\"elementor-widget-container\">\n\t\t\t\t\t<div class=\"elementor-image\">\n\t\t\t\t\t\t\t\t\t\t<img loading=\"lazy\" decoding=\"async\" width=\"260\" height=\"218\" src=\"https:\/\/lesoinparlart.fr\/wp-content\/uploads\/2021\/05\/oeuvre-1.jpg\" class=\"attachment-large size-large\" alt=\"\" \/>\t\t\t\t\t\t\t\t\t\t\t<\/div>\n\t\t\t\t<\/div>\n\t\t\t\t<\/div>\n\t\t\t\t\t\t<\/div>\n\t\t\t<\/div>\n\t\t<\/div>\n\t\t\t\t\t\t<\/div>\n\t\t\t<\/div>\n\t\t<\/section>\n\t\t\t\t<section class=\"elementor-element elementor-element-96f5579 elementor-section-boxed elementor-section-height-default elementor-section-height-default elementor-section elementor-top-section\" data-id=\"96f5579\" data-element_type=\"section\">\n\t\t\t\t\t\t<div class=\"elementor-container elementor-column-gap-default\">\n\t\t\t\t<div class=\"elementor-row\">\n\t\t\t\t<div class=\"elementor-element elementor-element-f303da5 elementor-column elementor-col-50 elementor-top-column\" data-id=\"f303da5\" data-element_type=\"column\">\n\t\t\t<div class=\"elementor-column-wrap  elementor-element-populated\">\n\t\t\t\t\t<div class=\"elementor-widget-wrap\">\n\t\t\t\t<div class=\"elementor-element elementor-element-637f1ba elementor-widget elementor-widget-image\" data-id=\"637f1ba\" data-element_type=\"widget\" data-widget_type=\"image.default\">\n\t\t\t\t<div class=\"elementor-widget-container\">\n\t\t\t\t\t<div class=\"elementor-image\">\n\t\t\t\t\t\t\t\t\t\t<img loading=\"lazy\" decoding=\"async\" width=\"260\" height=\"183\" src=\"https:\/\/lesoinparlart.fr\/wp-content\/uploads\/2021\/05\/oeuvre-4.jpg\" class=\"attachment-2048x2048 size-2048x2048\" alt=\"\" \/>\t\t\t\t\t\t\t\t\t\t\t<\/div>\n\t\t\t\t<\/div>\n\t\t\t\t<\/div>\n\t\t\t\t\t\t<\/div>\n\t\t\t<\/div>\n\t\t<\/div>\n\t\t\t\t<div class=\"elementor-element elementor-element-46c18c4 elementor-column elementor-col-50 elementor-top-column\" data-id=\"46c18c4\" data-element_type=\"column\">\n\t\t\t<div class=\"elementor-column-wrap  elementor-element-populated\">\n\t\t\t\t\t<div class=\"elementor-widget-wrap\">\n\t\t\t\t<div class=\"elementor-element elementor-element-4131bce elementor-widget elementor-widget-image\" data-id=\"4131bce\" data-element_type=\"widget\" data-widget_type=\"image.default\">\n\t\t\t\t<div class=\"elementor-widget-container\">\n\t\t\t\t\t<div class=\"elementor-image\">\n\t\t\t\t\t\t\t\t\t\t<img loading=\"lazy\" decoding=\"async\" width=\"260\" height=\"362\" src=\"https:\/\/lesoinparlart.fr\/wp-content\/uploads\/2021\/05\/oeuvre-2.jpg\" class=\"attachment-large size-large\" alt=\"\" srcset=\"https:\/\/lesoinparlart.fr\/wp-content\/uploads\/2021\/05\/oeuvre-2.jpg 260w, https:\/\/lesoinparlart.fr\/wp-content\/uploads\/2021\/05\/oeuvre-2-215x300.jpg 215w\" sizes=\"(max-width: 260px) 100vw, 260px\" \/>\t\t\t\t\t\t\t\t\t\t\t<\/div>\n\t\t\t\t<\/div>\n\t\t\t\t<\/div>\n\t\t\t\t\t\t<\/div>\n\t\t\t<\/div>\n\t\t<\/div>\n\t\t\t\t\t\t<\/div>\n\t\t\t<\/div>\n\t\t<\/section>\n\t\t\t\t<section class=\"elementor-element elementor-element-da7b285 elementor-section-boxed elementor-section-height-default elementor-section-height-default elementor-section elementor-top-section\" data-id=\"da7b285\" data-element_type=\"section\">\n\t\t\t\t\t\t<div class=\"elementor-container elementor-column-gap-default\">\n\t\t\t\t<div class=\"elementor-row\">\n\t\t\t\t<div class=\"elementor-element elementor-element-643962c elementor-column elementor-col-100 elementor-top-column\" data-id=\"643962c\" data-element_type=\"column\">\n\t\t\t<div class=\"elementor-column-wrap  elementor-element-populated\">\n\t\t\t\t\t<div class=\"elementor-widget-wrap\">\n\t\t\t\t<div class=\"elementor-element elementor-element-e071a33 elementor-widget elementor-widget-image\" data-id=\"e071a33\" data-element_type=\"widget\" data-widget_type=\"image.default\">\n\t\t\t\t<div class=\"elementor-widget-container\">\n\t\t\t\t\t<div class=\"elementor-image\">\n\t\t\t\t\t\t\t\t\t\t<img loading=\"lazy\" decoding=\"async\" width=\"260\" height=\"179\" src=\"https:\/\/lesoinparlart.fr\/wp-content\/uploads\/2021\/05\/oeuvre-3.jpg\" class=\"attachment-large size-large\" alt=\"\" \/>\t\t\t\t\t\t\t\t\t\t\t<\/div>\n\t\t\t\t<\/div>\n\t\t\t\t<\/div>\n\t\t\t\t\t\t<\/div>\n\t\t\t<\/div>\n\t\t<\/div>\n\t\t\t\t\t\t<\/div>\n\t\t\t<\/div>\n\t\t<\/section>\n\t\t\t\t\t\t<\/div>\n\t\t\t<\/div>\n\t\t<\/div>\n\t\t","protected":false},"excerpt":{"rendered":"<p>Kim Tschang-yeul, le \u00ab\u00a0peintre de la goutte d\u2019eau\u00a0\u00bb, est mort Traumatis\u00e9 par la guerre de Cor\u00e9e \u00e0 laquelle il a particip\u00e9, il avait fait de son motif artistique unique un exercice th\u00e9rapeutique intime et le symbole universel des souffrances humaines. Il est d\u00e9c\u00e9d\u00e9 le 5\u00a0janvier, \u00e0 l\u2019\u00e2ge de 91\u00a0ans. Par\u00a0Philippe Dagen\u00a0 \u00a0&#8211;\u00a0Publi\u00e9 le 06 janvier [&hellip;]<\/p>\n","protected":false},"author":1,"featured_media":0,"parent":0,"menu_order":0,"comment_status":"closed","ping_status":"closed","template":"","meta":{"spay_email":"","footnotes":""},"yoast_head":"<!-- This site is optimized with the Yoast SEO plugin v14.7 - https:\/\/yoast.com\/wordpress\/plugins\/seo\/ -->\n<title>Peindre des gouttes d&#039;eau pour se soigner -<\/title>\n<meta name=\"robots\" content=\"index, follow\" \/>\n<meta name=\"googlebot\" content=\"index, follow, max-snippet:-1, max-image-preview:large, max-video-preview:-1\" \/>\n<meta name=\"bingbot\" content=\"index, follow, max-snippet:-1, max-image-preview:large, max-video-preview:-1\" \/>\n<link rel=\"canonical\" href=\"https:\/\/lesoinparlart.fr\/index.php\/le-peintre-de-la-goutte-deau\/\" \/>\n<meta property=\"og:locale\" content=\"en_US\" \/>\n<meta property=\"og:type\" content=\"article\" \/>\n<meta property=\"og:title\" content=\"Peindre des gouttes d&#039;eau pour se soigner -\" \/>\n<meta property=\"og:description\" content=\"Kim Tschang-yeul, le \u00ab\u00a0peintre de la goutte d\u2019eau\u00a0\u00bb, est mort Traumatis\u00e9 par la guerre de Cor\u00e9e \u00e0 laquelle il a particip\u00e9, il avait fait de son motif artistique unique un exercice th\u00e9rapeutique intime et le symbole universel des souffrances humaines. Il est d\u00e9c\u00e9d\u00e9 le 5\u00a0janvier, \u00e0 l\u2019\u00e2ge de 91\u00a0ans. Par\u00a0Philippe Dagen\u00a0 \u00a0&#8211;\u00a0Publi\u00e9 le 06 janvier [&hellip;]\" \/>\n<meta property=\"og:url\" content=\"https:\/\/lesoinparlart.fr\/index.php\/le-peintre-de-la-goutte-deau\/\" \/>\n<meta property=\"article:modified_time\" content=\"2021-09-12T23:27:04+00:00\" \/>\n<meta property=\"og:image\" content=\"https:\/\/lesoinparlart.fr\/wp-content\/uploads\/2021\/05\/portrait-peintre-goutte-deau-712x1024.jpg\" \/>\n<meta name=\"twitter:card\" content=\"summary_large_image\" \/>\n<script type=\"application\/ld+json\" class=\"yoast-schema-graph\">{\"@context\":\"https:\/\/schema.org\",\"@graph\":[{\"@type\":\"WebSite\",\"@id\":\"https:\/\/lesoinparlart.fr\/#website\",\"url\":\"https:\/\/lesoinparlart.fr\/\",\"name\":\"\",\"description\":\"\",\"potentialAction\":[{\"@type\":\"SearchAction\",\"target\":\"https:\/\/lesoinparlart.fr\/?s={search_term_string}\",\"query-input\":\"required name=search_term_string\"}],\"inLanguage\":\"en-US\"},{\"@type\":\"ImageObject\",\"@id\":\"https:\/\/lesoinparlart.fr\/index.php\/le-peintre-de-la-goutte-deau\/#primaryimage\",\"inLanguage\":\"en-US\",\"url\":\"https:\/\/lesoinparlart.fr\/wp-content\/uploads\/2021\/05\/portrait-peintre-goutte-deau.jpg\",\"width\":1328,\"height\":1909,\"caption\":\"Artist Kim Tschang-yeul dies This October 2016 photo shows Kim Tschang-yeul, one of South Korea's greatest modern artists well known for his \\\"water drop\\\" paintings, who died on Jan. 5, 2021, at the age of 91. (Yonhap)\/2021-01-06 10:21:27\/ Photo via Newscom\/yonphotos180638\/Yonhap News\/Newscom\/SIPA\/2101060235\"},{\"@type\":\"WebPage\",\"@id\":\"https:\/\/lesoinparlart.fr\/index.php\/le-peintre-de-la-goutte-deau\/#webpage\",\"url\":\"https:\/\/lesoinparlart.fr\/index.php\/le-peintre-de-la-goutte-deau\/\",\"name\":\"Peindre des gouttes d'eau pour se soigner -\",\"isPartOf\":{\"@id\":\"https:\/\/lesoinparlart.fr\/#website\"},\"primaryImageOfPage\":{\"@id\":\"https:\/\/lesoinparlart.fr\/index.php\/le-peintre-de-la-goutte-deau\/#primaryimage\"},\"datePublished\":\"2021-05-24T19:05:57+00:00\",\"dateModified\":\"2021-09-12T23:27:04+00:00\",\"inLanguage\":\"en-US\",\"potentialAction\":[{\"@type\":\"ReadAction\",\"target\":[\"https:\/\/lesoinparlart.fr\/index.php\/le-peintre-de-la-goutte-deau\/\"]}]}]}<\/script>\n<!-- \/ Yoast SEO plugin. -->","_links":{"self":[{"href":"https:\/\/lesoinparlart.fr\/index.php\/wp-json\/wp\/v2\/pages\/2208"}],"collection":[{"href":"https:\/\/lesoinparlart.fr\/index.php\/wp-json\/wp\/v2\/pages"}],"about":[{"href":"https:\/\/lesoinparlart.fr\/index.php\/wp-json\/wp\/v2\/types\/page"}],"author":[{"embeddable":true,"href":"https:\/\/lesoinparlart.fr\/index.php\/wp-json\/wp\/v2\/users\/1"}],"replies":[{"embeddable":true,"href":"https:\/\/lesoinparlart.fr\/index.php\/wp-json\/wp\/v2\/comments?post=2208"}],"version-history":[{"count":6,"href":"https:\/\/lesoinparlart.fr\/index.php\/wp-json\/wp\/v2\/pages\/2208\/revisions"}],"predecessor-version":[{"id":2297,"href":"https:\/\/lesoinparlart.fr\/index.php\/wp-json\/wp\/v2\/pages\/2208\/revisions\/2297"}],"wp:attachment":[{"href":"https:\/\/lesoinparlart.fr\/index.php\/wp-json\/wp\/v2\/media?parent=2208"}],"curies":[{"name":"wp","href":"https:\/\/api.w.org\/{rel}","templated":true}]}}