{"id":2270,"date":"2021-09-13T00:53:13","date_gmt":"2021-09-12T22:53:13","guid":{"rendered":"https:\/\/lesoinparlart.fr\/?page_id=2270"},"modified":"2022-04-14T23:47:46","modified_gmt":"2022-04-14T21:47:46","slug":"shamsia-hassani-premiere-peintre-afghane-graffeuse","status":"publish","type":"page","link":"https:\/\/lesoinparlart.fr\/index.php\/shamsia-hassani-premiere-peintre-afghane-graffeuse\/","title":{"rendered":"Shamsia Hassani premi\u00e8re peintre afghane graffeuse"},"content":{"rendered":"\t\t<div data-elementor-type=\"wp-page\" data-elementor-id=\"2270\" class=\"elementor elementor-2270\" data-elementor-settings=\"[]\">\n\t\t\t<div class=\"elementor-inner\">\n\t\t\t\t<div class=\"elementor-section-wrap\">\n\t\t\t\t\t\t\t<section class=\"elementor-element elementor-element-917c6d4 elementor-section-boxed elementor-section-height-default elementor-section-height-default elementor-section elementor-top-section\" data-id=\"917c6d4\" data-element_type=\"section\">\n\t\t\t\t\t\t<div class=\"elementor-container elementor-column-gap-default\">\n\t\t\t\t<div class=\"elementor-row\">\n\t\t\t\t<div class=\"elementor-element elementor-element-23cbdd5 elementor-column elementor-col-50 elementor-top-column\" data-id=\"23cbdd5\" data-element_type=\"column\">\n\t\t\t<div class=\"elementor-column-wrap  elementor-element-populated\">\n\t\t\t\t\t<div class=\"elementor-widget-wrap\">\n\t\t\t\t<div class=\"elementor-element elementor-element-95e1cda elementor-widget elementor-widget-image\" data-id=\"95e1cda\" data-element_type=\"widget\" data-widget_type=\"image.default\">\n\t\t\t\t<div class=\"elementor-widget-container\">\n\t\t\t\t\t<div class=\"elementor-image\">\n\t\t\t\t\t\t\t\t\t\t<img loading=\"lazy\" decoding=\"async\" width=\"630\" height=\"315\" src=\"https:\/\/lesoinparlart.fr\/wp-content\/uploads\/2021\/09\/grafeuse-afghane.jpeg\" class=\"attachment-large size-large\" alt=\"\" srcset=\"https:\/\/lesoinparlart.fr\/wp-content\/uploads\/2021\/09\/grafeuse-afghane.jpeg 630w, https:\/\/lesoinparlart.fr\/wp-content\/uploads\/2021\/09\/grafeuse-afghane-300x150.jpeg 300w\" sizes=\"(max-width: 630px) 100vw, 630px\" \/>\t\t\t\t\t\t\t\t\t\t\t<\/div>\n\t\t\t\t<\/div>\n\t\t\t\t<\/div>\n\t\t\t\t\t\t<\/div>\n\t\t\t<\/div>\n\t\t<\/div>\n\t\t\t\t<div class=\"elementor-element elementor-element-65cc19a elementor-column elementor-col-50 elementor-top-column\" data-id=\"65cc19a\" data-element_type=\"column\">\n\t\t\t<div class=\"elementor-column-wrap  elementor-element-populated\">\n\t\t\t\t\t<div class=\"elementor-widget-wrap\">\n\t\t\t\t<div class=\"elementor-element elementor-element-3fd6ffd elementor-arrows-position-inside elementor-pagination-position-outside elementor-widget elementor-widget-image-carousel\" data-id=\"3fd6ffd\" data-element_type=\"widget\" data-settings=\"{&quot;navigation&quot;:&quot;both&quot;,&quot;autoplay&quot;:&quot;yes&quot;,&quot;pause_on_hover&quot;:&quot;yes&quot;,&quot;pause_on_interaction&quot;:&quot;yes&quot;,&quot;autoplay_speed&quot;:5000,&quot;infinite&quot;:&quot;yes&quot;,&quot;speed&quot;:500,&quot;direction&quot;:&quot;ltr&quot;}\" data-widget_type=\"image-carousel.default\">\n\t\t\t\t<div class=\"elementor-widget-container\">\n\t\t\t\t\t<div class=\"elementor-image-carousel-wrapper swiper-container\" dir=\"ltr\">\n\t\t\t<div class=\"elementor-image-carousel swiper-wrapper\">\n\t\t\t\t<div class=\"swiper-slide\"><figure class=\"swiper-slide-inner\"><img decoding=\"async\" class=\"swiper-slide-image\" src=\"https:\/\/lesoinparlart.fr\/wp-content\/uploads\/2021\/09\/oeuvre-2-1-150x150.jpeg\" alt=\"oeuvre 2\" \/><\/figure><\/div><div class=\"swiper-slide\"><figure class=\"swiper-slide-inner\"><img decoding=\"async\" class=\"swiper-slide-image\" src=\"https:\/\/lesoinparlart.fr\/wp-content\/uploads\/2021\/09\/oeuvre-8-150x150.jpeg\" alt=\"oeuvre 8\" \/><\/figure><\/div><div class=\"swiper-slide\"><figure class=\"swiper-slide-inner\"><img decoding=\"async\" class=\"swiper-slide-image\" src=\"https:\/\/lesoinparlart.fr\/wp-content\/uploads\/2021\/09\/oeuvre-7-150x150.jpeg\" alt=\"oeuvre 7\" \/><\/figure><\/div><div class=\"swiper-slide\"><figure class=\"swiper-slide-inner\"><img decoding=\"async\" class=\"swiper-slide-image\" src=\"https:\/\/lesoinparlart.fr\/wp-content\/uploads\/2021\/09\/oeuvre-4-1-150x150.jpeg\" alt=\"oeuvre 4\" \/><\/figure><\/div><div class=\"swiper-slide\"><figure class=\"swiper-slide-inner\"><img decoding=\"async\" class=\"swiper-slide-image\" src=\"https:\/\/lesoinparlart.fr\/wp-content\/uploads\/2021\/09\/oeuvre-5-150x150.jpeg\" alt=\"oeuvre 5\" \/><\/figure><\/div><div class=\"swiper-slide\"><figure class=\"swiper-slide-inner\"><img decoding=\"async\" class=\"swiper-slide-image\" src=\"https:\/\/lesoinparlart.fr\/wp-content\/uploads\/2021\/09\/oeuvre-3-150x150.jpeg\" alt=\"oeuvre 3\" \/><\/figure><\/div><div class=\"swiper-slide\"><figure class=\"swiper-slide-inner\"><img decoding=\"async\" class=\"swiper-slide-image\" src=\"https:\/\/lesoinparlart.fr\/wp-content\/uploads\/2021\/09\/oeuvre-9-150x150.jpeg\" alt=\"oeuvre 9\" \/><\/figure><\/div><div class=\"swiper-slide\"><figure class=\"swiper-slide-inner\"><img decoding=\"async\" class=\"swiper-slide-image\" src=\"https:\/\/lesoinparlart.fr\/wp-content\/uploads\/2021\/09\/oeuvre-10-150x150.jpeg\" alt=\"oeuvre 10\" \/><\/figure><\/div><div class=\"swiper-slide\"><figure class=\"swiper-slide-inner\"><img decoding=\"async\" class=\"swiper-slide-image\" src=\"https:\/\/lesoinparlart.fr\/wp-content\/uploads\/2021\/09\/oeuvre-11-150x150.jpeg\" alt=\"oeuvre 11\" \/><\/figure><\/div><div class=\"swiper-slide\"><figure class=\"swiper-slide-inner\"><img decoding=\"async\" class=\"swiper-slide-image\" src=\"https:\/\/lesoinparlart.fr\/wp-content\/uploads\/2021\/09\/oeuvre-12-150x150.jpeg\" alt=\"oeuvre 12\" \/><\/figure><\/div><div class=\"swiper-slide\"><figure class=\"swiper-slide-inner\"><img decoding=\"async\" class=\"swiper-slide-image\" src=\"https:\/\/lesoinparlart.fr\/wp-content\/uploads\/2021\/09\/oeuvre-13-150x150.jpeg\" alt=\"oeuvre 13\" \/><\/figure><\/div><div class=\"swiper-slide\"><figure class=\"swiper-slide-inner\"><img decoding=\"async\" class=\"swiper-slide-image\" src=\"https:\/\/lesoinparlart.fr\/wp-content\/uploads\/2021\/09\/oeuvre-14-150x150.jpeg\" alt=\"oeuvre 14\" \/><\/figure><\/div><div class=\"swiper-slide\"><figure class=\"swiper-slide-inner\"><img decoding=\"async\" class=\"swiper-slide-image\" src=\"https:\/\/lesoinparlart.fr\/wp-content\/uploads\/2021\/09\/oeuvre-15-150x150.jpeg\" alt=\"oeuvre 15\" \/><\/figure><\/div><div class=\"swiper-slide\"><figure class=\"swiper-slide-inner\"><img decoding=\"async\" class=\"swiper-slide-image\" src=\"https:\/\/lesoinparlart.fr\/wp-content\/uploads\/2021\/09\/oeuvre-17-150x150.jpeg\" alt=\"oeuvre 17\" \/><\/figure><\/div>\t\t\t<\/div>\n\t\t\t\t\t\t\t\t\t\t\t\t<div class=\"swiper-pagination\"><\/div>\n\t\t\t\t\t\t\t\t\t\t\t\t\t<div class=\"elementor-swiper-button elementor-swiper-button-prev\">\n\t\t\t\t\t\t<i class=\"eicon-chevron-left\" aria-hidden=\"true\"><\/i>\n\t\t\t\t\t\t<span class=\"elementor-screen-only\">Previous<\/span>\n\t\t\t\t\t<\/div>\n\t\t\t\t\t<div class=\"elementor-swiper-button elementor-swiper-button-next\">\n\t\t\t\t\t\t<i class=\"eicon-chevron-right\" aria-hidden=\"true\"><\/i>\n\t\t\t\t\t\t<span class=\"elementor-screen-only\">Next<\/span>\n\t\t\t\t\t<\/div>\n\t\t\t\t\t\t\t\t\t<\/div>\n\t\t\t\t<\/div>\n\t\t\t\t<\/div>\n\t\t\t\t<div class=\"elementor-element elementor-element-271c971 elementor-widget elementor-widget-text-editor\" data-id=\"271c971\" data-element_type=\"widget\" data-widget_type=\"text-editor.default\">\n\t\t\t\t<div class=\"elementor-widget-container\">\n\t\t\t\t\t<div class=\"elementor-text-editor elementor-clearfix\"><p>ART &#8211; Graffer pour se lib\u00e9rer!\u00a0 Graffer pour transformer! Graffer pour aller vers la beaut\u00e9!<\/p><p>Voici un article de Hamdi Baaia, paru dans le\u00a0<\/p><p>Washington post<span style=\"font-size: 14px;\">\u00a0en 2 016&#8230;Qu&#8217;en sera-t-il dans les temps prochains???<\/span><\/p><p><span style=\"font-size: 14px;\">&#8220;Une femme afghane artiste de graffiti? \u00c7a pourrait en \u00e9tonner plus d&#8217;un. C&#8217;est pourtant le cas de Shamsia Hassani depuis plusieurs ann\u00e9es. Si son existence \u00e9tait inimaginable quand les Talibans faisaient leur loi, elle est aujourd&#8217;hui un des nombreux exemples d&#8217;un Afghanistan qui change.<\/span><\/p><p>\u00a0<\/p><\/div>\n\t\t\t\t<\/div>\n\t\t\t\t<\/div>\n\t\t\t\t\t\t<\/div>\n\t\t\t<\/div>\n\t\t<\/div>\n\t\t\t\t\t\t<\/div>\n\t\t\t<\/div>\n\t\t<\/section>\n\t\t\t\t<section class=\"elementor-element elementor-element-1a38548 elementor-section-boxed elementor-section-height-default elementor-section-height-default elementor-section elementor-top-section\" data-id=\"1a38548\" data-element_type=\"section\">\n\t\t\t\t\t\t<div class=\"elementor-container elementor-column-gap-default\">\n\t\t\t\t<div class=\"elementor-row\">\n\t\t\t\t<div class=\"elementor-element elementor-element-bc2e1b0 elementor-column elementor-col-50 elementor-top-column\" data-id=\"bc2e1b0\" data-element_type=\"column\">\n\t\t\t<div class=\"elementor-column-wrap  elementor-element-populated\">\n\t\t\t\t\t<div class=\"elementor-widget-wrap\">\n\t\t\t\t<div class=\"elementor-element elementor-element-beb4939 elementor-widget elementor-widget-text-editor\" data-id=\"beb4939\" data-element_type=\"widget\" data-widget_type=\"text-editor.default\">\n\t\t\t\t<div class=\"elementor-widget-container\">\n\t\t\t\t\t<div class=\"elementor-text-editor elementor-clearfix\"><p>Shamsia Hassani est n\u00e9e en 1988 en Iran de parents afghans et elle enseigne aujourd&#8217;hui \u00e0 la facult\u00e9 des beaux arts de l&#8217;universit\u00e9 de Kaboul. Elle est une &#8220;graffeuse&#8221; afghane dont les \u0153uvres embellissent les espaces de sa facult\u00e9 et certaines rues de Kaboul. Elle a \u00e9galement particip\u00e9 \u00e0 diff\u00e9rents festivals en Allemagne, en Suisse ou au Danemark.<\/p><p>\u00a0<\/p><\/div>\n\t\t\t\t<\/div>\n\t\t\t\t<\/div>\n\t\t\t\t\t\t<\/div>\n\t\t\t<\/div>\n\t\t<\/div>\n\t\t\t\t<div class=\"elementor-element elementor-element-ccaa1ed elementor-column elementor-col-50 elementor-top-column\" data-id=\"ccaa1ed\" data-element_type=\"column\">\n\t\t\t<div class=\"elementor-column-wrap  elementor-element-populated\">\n\t\t\t\t\t<div class=\"elementor-widget-wrap\">\n\t\t\t\t<div class=\"elementor-element elementor-element-60a9d02 elementor-widget elementor-widget-image\" data-id=\"60a9d02\" data-element_type=\"widget\" data-widget_type=\"image.default\">\n\t\t\t\t<div class=\"elementor-widget-container\">\n\t\t\t\t\t<div class=\"elementor-image\">\n\t\t\t\t\t\t\t\t\t\t<img loading=\"lazy\" decoding=\"async\" width=\"527\" height=\"395\" src=\"https:\/\/lesoinparlart.fr\/wp-content\/uploads\/2021\/09\/oeuvre-4.jpeg\" class=\"attachment-large size-large\" alt=\"\" srcset=\"https:\/\/lesoinparlart.fr\/wp-content\/uploads\/2021\/09\/oeuvre-4.jpeg 527w, https:\/\/lesoinparlart.fr\/wp-content\/uploads\/2021\/09\/oeuvre-4-300x225.jpeg 300w\" sizes=\"(max-width: 527px) 100vw, 527px\" \/>\t\t\t\t\t\t\t\t\t\t\t<\/div>\n\t\t\t\t<\/div>\n\t\t\t\t<\/div>\n\t\t\t\t\t\t<\/div>\n\t\t\t<\/div>\n\t\t<\/div>\n\t\t\t\t\t\t<\/div>\n\t\t\t<\/div>\n\t\t<\/section>\n\t\t\t\t<section class=\"elementor-element elementor-element-adbb7c3 elementor-section-boxed elementor-section-height-default elementor-section-height-default elementor-section elementor-top-section\" data-id=\"adbb7c3\" data-element_type=\"section\">\n\t\t\t\t\t\t<div class=\"elementor-container elementor-column-gap-default\">\n\t\t\t\t<div class=\"elementor-row\">\n\t\t\t\t<div class=\"elementor-element elementor-element-617b949 elementor-column elementor-col-50 elementor-top-column\" data-id=\"617b949\" data-element_type=\"column\">\n\t\t\t<div class=\"elementor-column-wrap  elementor-element-populated\">\n\t\t\t\t\t<div class=\"elementor-widget-wrap\">\n\t\t\t\t<div class=\"elementor-element elementor-element-de12cbe elementor-widget elementor-widget-image\" data-id=\"de12cbe\" data-element_type=\"widget\" data-widget_type=\"image.default\">\n\t\t\t\t<div class=\"elementor-widget-container\">\n\t\t\t\t\t<div class=\"elementor-image\">\n\t\t\t\t\t\t\t\t\t\t<img loading=\"lazy\" decoding=\"async\" width=\"324\" height=\"425\" src=\"https:\/\/lesoinparlart.fr\/wp-content\/uploads\/2021\/09\/oeuvre-6.jpeg\" class=\"attachment-large size-large\" alt=\"\" srcset=\"https:\/\/lesoinparlart.fr\/wp-content\/uploads\/2021\/09\/oeuvre-6.jpeg 324w, https:\/\/lesoinparlart.fr\/wp-content\/uploads\/2021\/09\/oeuvre-6-229x300.jpeg 229w\" sizes=\"(max-width: 324px) 100vw, 324px\" \/>\t\t\t\t\t\t\t\t\t\t\t<\/div>\n\t\t\t\t<\/div>\n\t\t\t\t<\/div>\n\t\t\t\t\t\t<\/div>\n\t\t\t<\/div>\n\t\t<\/div>\n\t\t\t\t<div class=\"elementor-element elementor-element-0cd8578 elementor-column elementor-col-50 elementor-top-column\" data-id=\"0cd8578\" data-element_type=\"column\">\n\t\t\t<div class=\"elementor-column-wrap  elementor-element-populated\">\n\t\t\t\t\t<div class=\"elementor-widget-wrap\">\n\t\t\t\t<div class=\"elementor-element elementor-element-25b0789 elementor-widget elementor-widget-text-editor\" data-id=\"25b0789\" data-element_type=\"widget\" data-widget_type=\"text-editor.default\">\n\t\t\t\t<div class=\"elementor-widget-container\">\n\t\t\t\t\t<div class=\"elementor-text-editor elementor-clearfix\"><\/div>\n\t\t\t\t<\/div>\n\t\t\t\t<\/div>\n\t\t\t\t<div class=\"elementor-element elementor-element-6e1795e elementor-widget elementor-widget-text-editor\" data-id=\"6e1795e\" data-element_type=\"widget\" data-widget_type=\"text-editor.default\">\n\t\t\t\t<div class=\"elementor-widget-container\">\n\t\t\t\t\t<div class=\"elementor-text-editor elementor-clearfix\"><p>\u00a0<\/p><p>Si l&#8217;Afghanistan est beaucoup plus connu pour les guerres et les bombes que pour les bombes \u00e0 peinture, Shamsia essaye \u00e0 travers son art de changer cette perception. Elle con\u00e7oit son art comme une fa\u00e7on d&#8217;apporter un changement positif. &#8220;Pour peindre sur les mauvais souvenirs de la guerre&#8221;,\u00a0<\/p><\/div>\n\t\t\t\t<\/div>\n\t\t\t\t<\/div>\n\t\t\t\t\t\t<\/div>\n\t\t\t<\/div>\n\t\t<\/div>\n\t\t\t\t\t\t<\/div>\n\t\t\t<\/div>\n\t\t<\/section>\n\t\t\t\t<section class=\"elementor-element elementor-element-3aea96f elementor-section-boxed elementor-section-height-default elementor-section-height-default elementor-section elementor-top-section\" data-id=\"3aea96f\" data-element_type=\"section\">\n\t\t\t\t\t\t<div class=\"elementor-container elementor-column-gap-default\">\n\t\t\t\t<div class=\"elementor-row\">\n\t\t\t\t<div class=\"elementor-element elementor-element-0065f4c elementor-column elementor-col-33 elementor-top-column\" data-id=\"0065f4c\" data-element_type=\"column\">\n\t\t\t<div class=\"elementor-column-wrap  elementor-element-populated\">\n\t\t\t\t\t<div class=\"elementor-widget-wrap\">\n\t\t\t\t<div class=\"elementor-element elementor-element-227dc41 elementor-widget elementor-widget-text-editor\" data-id=\"227dc41\" data-element_type=\"widget\" data-widget_type=\"text-editor.default\">\n\t\t\t\t<div class=\"elementor-widget-container\">\n\t\t\t\t\t<div class=\"elementor-text-editor elementor-clearfix\"><div class=\"content-list-component text\">\n<blockquote>\n<p>&#8220;Je dessine des femmes en burqa souvent dans un style moderniste sur les murs. Je veux parler de leurs vies, trouver un moyen de les faire sortir de l&#8217;obscurit\u00e9, ouvrir leurs esprits&#8221;, d\u00e9clare-t-elle.<\/p>\n<\/blockquote>\n<\/div><\/div>\n\t\t\t\t<\/div>\n\t\t\t\t<\/div>\n\t\t\t\t\t\t<\/div>\n\t\t\t<\/div>\n\t\t<\/div>\n\t\t\t\t<div class=\"elementor-element elementor-element-a749793 elementor-column elementor-col-33 elementor-top-column\" data-id=\"a749793\" data-element_type=\"column\">\n\t\t\t<div class=\"elementor-column-wrap  elementor-element-populated\">\n\t\t\t\t\t<div class=\"elementor-widget-wrap\">\n\t\t\t\t<div class=\"elementor-element elementor-element-f23988a elementor-widget elementor-widget-image\" data-id=\"f23988a\" data-element_type=\"widget\" data-widget_type=\"image.default\">\n\t\t\t\t<div class=\"elementor-widget-container\">\n\t\t\t\t\t<div class=\"elementor-image\">\n\t\t\t\t\t\t\t\t\t\t<img loading=\"lazy\" decoding=\"async\" width=\"570\" height=\"379\" src=\"https:\/\/lesoinparlart.fr\/wp-content\/uploads\/2021\/09\/oeuvre.jpeg\" class=\"attachment-large size-large\" alt=\"\" srcset=\"https:\/\/lesoinparlart.fr\/wp-content\/uploads\/2021\/09\/oeuvre.jpeg 570w, https:\/\/lesoinparlart.fr\/wp-content\/uploads\/2021\/09\/oeuvre-300x199.jpeg 300w\" sizes=\"(max-width: 570px) 100vw, 570px\" \/>\t\t\t\t\t\t\t\t\t\t\t<\/div>\n\t\t\t\t<\/div>\n\t\t\t\t<\/div>\n\t\t\t\t\t\t<\/div>\n\t\t\t<\/div>\n\t\t<\/div>\n\t\t\t\t<div class=\"elementor-element elementor-element-8ede8e5 elementor-column elementor-col-33 elementor-top-column\" data-id=\"8ede8e5\" data-element_type=\"column\">\n\t\t\t<div class=\"elementor-column-wrap  elementor-element-populated\">\n\t\t\t\t\t<div class=\"elementor-widget-wrap\">\n\t\t\t\t<div class=\"elementor-element elementor-element-8045d45 elementor-widget elementor-widget-text-editor\" data-id=\"8045d45\" data-element_type=\"widget\" data-widget_type=\"text-editor.default\">\n\t\t\t\t<div class=\"elementor-widget-container\">\n\t\t\t\t\t<div class=\"elementor-text-editor elementor-clearfix\"><p><em>&#8220;Beaucoup de personnes \u00e0 travers le monde pensent que la burqa est le probl\u00e8me. Ils croient que si les femmes enl\u00e8vent la burqa, elles n&#8217;auront plus de probl\u00e8mes. Ce n&#8217;est pas vrai, affirme l&#8217;artiste. Quand les femmes n&#8217;ont pas acc\u00e8s \u00e0 l&#8217;\u00e9ducation, c&#8217;est un probl\u00e8me plus grand que la burqa car quand elles l&#8217;enl\u00e8vent, elles le rencontrent toujours. On doit se concentrer sur les grands probl\u00e8mes&#8221;, explique-t-elle.<\/em><\/p><\/div>\n\t\t\t\t<\/div>\n\t\t\t\t<\/div>\n\t\t\t\t\t\t<\/div>\n\t\t\t<\/div>\n\t\t<\/div>\n\t\t\t\t\t\t<\/div>\n\t\t\t<\/div>\n\t\t<\/section>\n\t\t\t\t<section class=\"elementor-element elementor-element-1f378e5 elementor-section-boxed elementor-section-height-default elementor-section-height-default elementor-section elementor-top-section\" data-id=\"1f378e5\" data-element_type=\"section\">\n\t\t\t\t\t\t<div class=\"elementor-container elementor-column-gap-default\">\n\t\t\t\t<div class=\"elementor-row\">\n\t\t\t\t<div class=\"elementor-element elementor-element-c951987 elementor-column elementor-col-100 elementor-top-column\" data-id=\"c951987\" data-element_type=\"column\">\n\t\t\t<div class=\"elementor-column-wrap\">\n\t\t\t\t\t<div class=\"elementor-widget-wrap\">\n\t\t\t\t\t\t<\/div>\n\t\t\t<\/div>\n\t\t<\/div>\n\t\t\t\t\t\t<\/div>\n\t\t\t<\/div>\n\t\t<\/section>\n\t\t\t\t\t\t<\/div>\n\t\t\t<\/div>\n\t\t<\/div>\n\t\t","protected":false},"excerpt":{"rendered":"<p>Previous Next ART &#8211; Graffer pour se lib\u00e9rer!\u00a0 Graffer pour transformer! Graffer pour aller vers la beaut\u00e9! Voici un article de Hamdi Baaia, paru dans le\u00a0 Washington post\u00a0en 2 016&#8230;Qu&#8217;en sera-t-il dans les temps prochains??? &#8220;Une femme afghane artiste de graffiti? \u00c7a pourrait en \u00e9tonner plus d&#8217;un. C&#8217;est pourtant le cas de Shamsia Hassani depuis [&hellip;]<\/p>\n","protected":false},"author":1,"featured_media":0,"parent":0,"menu_order":0,"comment_status":"closed","ping_status":"closed","template":"","meta":{"spay_email":"","footnotes":""},"yoast_head":"<!-- This site is optimized with the Yoast SEO plugin v14.7 - https:\/\/yoast.com\/wordpress\/plugins\/seo\/ -->\n<title>Shamsia Hassani premi\u00e8re peintre afghane graffeuse -<\/title>\n<meta name=\"robots\" content=\"index, follow\" \/>\n<meta name=\"googlebot\" content=\"index, follow, max-snippet:-1, max-image-preview:large, max-video-preview:-1\" \/>\n<meta name=\"bingbot\" content=\"index, follow, max-snippet:-1, max-image-preview:large, max-video-preview:-1\" \/>\n<link rel=\"canonical\" href=\"https:\/\/lesoinparlart.fr\/index.php\/shamsia-hassani-premiere-peintre-afghane-graffeuse\/\" \/>\n<meta property=\"og:locale\" content=\"en_US\" \/>\n<meta property=\"og:type\" content=\"article\" \/>\n<meta property=\"og:title\" content=\"Shamsia Hassani premi\u00e8re peintre afghane graffeuse -\" \/>\n<meta property=\"og:description\" content=\"Previous Next ART &#8211; Graffer pour se lib\u00e9rer!\u00a0 Graffer pour transformer! Graffer pour aller vers la beaut\u00e9! Voici un article de Hamdi Baaia, paru dans le\u00a0 Washington post\u00a0en 2 016&#8230;Qu&#8217;en sera-t-il dans les temps prochains??? &#8220;Une femme afghane artiste de graffiti? \u00c7a pourrait en \u00e9tonner plus d&#8217;un. C&#8217;est pourtant le cas de Shamsia Hassani depuis [&hellip;]\" \/>\n<meta property=\"og:url\" content=\"https:\/\/lesoinparlart.fr\/index.php\/shamsia-hassani-premiere-peintre-afghane-graffeuse\/\" \/>\n<meta property=\"article:modified_time\" content=\"2022-04-14T21:47:46+00:00\" \/>\n<meta property=\"og:image\" content=\"https:\/\/lesoinparlart.fr\/wp-content\/uploads\/2021\/09\/grafeuse-afghane.jpeg\" \/>\n<meta name=\"twitter:card\" content=\"summary_large_image\" \/>\n<script type=\"application\/ld+json\" class=\"yoast-schema-graph\">{\"@context\":\"https:\/\/schema.org\",\"@graph\":[{\"@type\":\"WebSite\",\"@id\":\"https:\/\/lesoinparlart.fr\/#website\",\"url\":\"https:\/\/lesoinparlart.fr\/\",\"name\":\"\",\"description\":\"\",\"potentialAction\":[{\"@type\":\"SearchAction\",\"target\":\"https:\/\/lesoinparlart.fr\/?s={search_term_string}\",\"query-input\":\"required name=search_term_string\"}],\"inLanguage\":\"en-US\"},{\"@type\":\"ImageObject\",\"@id\":\"https:\/\/lesoinparlart.fr\/index.php\/shamsia-hassani-premiere-peintre-afghane-graffeuse\/#primaryimage\",\"inLanguage\":\"en-US\",\"url\":\"https:\/\/lesoinparlart.fr\/wp-content\/uploads\/2021\/09\/grafeuse-afghane.jpeg\",\"width\":630,\"height\":315},{\"@type\":\"WebPage\",\"@id\":\"https:\/\/lesoinparlart.fr\/index.php\/shamsia-hassani-premiere-peintre-afghane-graffeuse\/#webpage\",\"url\":\"https:\/\/lesoinparlart.fr\/index.php\/shamsia-hassani-premiere-peintre-afghane-graffeuse\/\",\"name\":\"Shamsia Hassani premi\\u00e8re peintre afghane graffeuse -\",\"isPartOf\":{\"@id\":\"https:\/\/lesoinparlart.fr\/#website\"},\"primaryImageOfPage\":{\"@id\":\"https:\/\/lesoinparlart.fr\/index.php\/shamsia-hassani-premiere-peintre-afghane-graffeuse\/#primaryimage\"},\"datePublished\":\"2021-09-12T22:53:13+00:00\",\"dateModified\":\"2022-04-14T21:47:46+00:00\",\"inLanguage\":\"en-US\",\"potentialAction\":[{\"@type\":\"ReadAction\",\"target\":[\"https:\/\/lesoinparlart.fr\/index.php\/shamsia-hassani-premiere-peintre-afghane-graffeuse\/\"]}]}]}<\/script>\n<!-- \/ Yoast SEO plugin. -->","_links":{"self":[{"href":"https:\/\/lesoinparlart.fr\/index.php\/wp-json\/wp\/v2\/pages\/2270"}],"collection":[{"href":"https:\/\/lesoinparlart.fr\/index.php\/wp-json\/wp\/v2\/pages"}],"about":[{"href":"https:\/\/lesoinparlart.fr\/index.php\/wp-json\/wp\/v2\/types\/page"}],"author":[{"embeddable":true,"href":"https:\/\/lesoinparlart.fr\/index.php\/wp-json\/wp\/v2\/users\/1"}],"replies":[{"embeddable":true,"href":"https:\/\/lesoinparlart.fr\/index.php\/wp-json\/wp\/v2\/comments?post=2270"}],"version-history":[{"count":7,"href":"https:\/\/lesoinparlart.fr\/index.php\/wp-json\/wp\/v2\/pages\/2270\/revisions"}],"predecessor-version":[{"id":2326,"href":"https:\/\/lesoinparlart.fr\/index.php\/wp-json\/wp\/v2\/pages\/2270\/revisions\/2326"}],"wp:attachment":[{"href":"https:\/\/lesoinparlart.fr\/index.php\/wp-json\/wp\/v2\/media?parent=2270"}],"curies":[{"name":"wp","href":"https:\/\/api.w.org\/{rel}","templated":true}]}}