{"id":28,"date":"2020-07-22T14:51:45","date_gmt":"2020-07-22T12:51:45","guid":{"rendered":"http:\/\/lesoinparlart.fr\/?page_id=28"},"modified":"2024-02-20T15:20:53","modified_gmt":"2024-02-20T14:20:53","slug":"contact-et-informations-pratiques","status":"publish","type":"page","link":"https:\/\/lesoinparlart.fr\/index.php\/contact-et-informations-pratiques\/","title":{"rendered":"Informations pratiques"},"content":{"rendered":"\t\t<div data-elementor-type=\"wp-page\" data-elementor-id=\"28\" class=\"elementor elementor-28\" data-elementor-settings=\"[]\">\n\t\t\t<div class=\"elementor-inner\">\n\t\t\t\t<div class=\"elementor-section-wrap\">\n\t\t\t\t\t\t\t<section class=\"elementor-element elementor-element-6ff6aa4 elementor-section-boxed elementor-section-height-default elementor-section-height-default elementor-section elementor-top-section\" data-id=\"6ff6aa4\" data-element_type=\"section\">\n\t\t\t\t\t\t<div class=\"elementor-container elementor-column-gap-default\">\n\t\t\t\t<div class=\"elementor-row\">\n\t\t\t\t<div class=\"elementor-element elementor-element-92f9ac4 elementor-column elementor-col-100 elementor-top-column\" data-id=\"92f9ac4\" data-element_type=\"column\">\n\t\t\t<div class=\"elementor-column-wrap  elementor-element-populated\">\n\t\t\t\t\t<div class=\"elementor-widget-wrap\">\n\t\t\t\t<div class=\"elementor-element elementor-element-8917f73 elementor-widget elementor-widget-button\" data-id=\"8917f73\" data-element_type=\"widget\" data-widget_type=\"button.default\">\n\t\t\t\t<div class=\"elementor-widget-container\">\n\t\t\t\t\t<div class=\"elementor-button-wrapper\">\n\t\t\t<a href=\"https:\/\/lesoinparlart.fr\/\" class=\"elementor-button-link elementor-button elementor-size-sm\" role=\"button\">\n\t\t\t\t\t\t<span class=\"elementor-button-content-wrapper\">\n\t\t\t\t\t\t<span class=\"elementor-button-icon elementor-align-icon-left\">\n\t\t\t\t<i aria-hidden=\"true\" class=\"far fa-arrow-alt-circle-up\"><\/i>\t\t\t<\/span>\n\t\t\t\t\t\t<span class=\"elementor-button-text\">Page d'accueil<\/span>\n\t\t<\/span>\n\t\t\t\t\t<\/a>\n\t\t<\/div>\n\t\t\t\t<\/div>\n\t\t\t\t<\/div>\n\t\t\t\t\t\t<\/div>\n\t\t\t<\/div>\n\t\t<\/div>\n\t\t\t\t\t\t<\/div>\n\t\t\t<\/div>\n\t\t<\/section>\n\t\t\t\t<section class=\"elementor-element elementor-element-6d1dfca2 elementor-section-boxed elementor-section-height-default elementor-section-height-default elementor-section elementor-top-section\" data-id=\"6d1dfca2\" data-element_type=\"section\">\n\t\t\t\t\t\t<div class=\"elementor-container elementor-column-gap-default\">\n\t\t\t\t<div class=\"elementor-row\">\n\t\t\t\t<div class=\"elementor-element elementor-element-214798aa elementor-column elementor-col-100 elementor-top-column\" data-id=\"214798aa\" data-element_type=\"column\">\n\t\t\t<div class=\"elementor-column-wrap  elementor-element-populated\">\n\t\t\t\t\t<div class=\"elementor-widget-wrap\">\n\t\t\t\t<div class=\"elementor-element elementor-element-4c525b66 elementor-widget elementor-widget-text-editor\" data-id=\"4c525b66\" data-element_type=\"widget\" data-widget_type=\"text-editor.default\">\n\t\t\t\t<div class=\"elementor-widget-container\">\n\t\t\t\t\t<div class=\"elementor-text-editor elementor-clearfix\"><h3>V\u00e9ronique Th\u00e9venier &#8211; Art-th\u00e9rapeute et enseignante.<\/h3><h3>\u00a0<strong style=\"font-size: 18px;\">Prise de rendez-vous:<\/strong><\/h3><p><strong> <img loading=\"lazy\" decoding=\"async\" class=\"alignnone wp-image-31\" src=\"http:\/\/lesoinparlart.fr\/wp-content\/uploads\/2020\/07\/o\u00f9-150x150.jpg\" alt=\"\" width=\"58\" height=\"58\" srcset=\"https:\/\/lesoinparlart.fr\/wp-content\/uploads\/2020\/07\/o\u00f9-150x150.jpg 150w, https:\/\/lesoinparlart.fr\/wp-content\/uploads\/2020\/07\/o\u00f9.jpg 225w\" sizes=\"(max-width: 58px) 100vw, 58px\" \/> 06 80 50 04 45\u00a0<\/strong><\/p><p><strong><img loading=\"lazy\" decoding=\"async\" class=\"alignnone wp-image-32\" src=\"http:\/\/lesoinparlart.fr\/wp-content\/uploads\/2020\/07\/sigle-mail.jpg\" alt=\"\" width=\"48\" height=\"42\" \/> Envoyez un mail \u00e0\u00a0 <a href=\"mailto:lesoinparlart@gmail.com\" target=\"_blank\" rel=\"noopener noreferrer\">lesoinparlart@gmail.com<\/a><\/strong><strong>\u00a0<\/strong><\/p><h3>Informations pratiques:<\/h3><p id=\"wnd_TextBlock_322520_inner_0\" data-wnd_separable_id=\"wnd_TextBlock_322520\" data-wnd_separable_index=\"0\" data-wnd_is_separable=\"1\"><strong>Quand? \u00a0<\/strong><strong><br \/><\/strong><\/p><ul><li>Les week-ends (\u00e0 d\u00e9finir)<\/li><li>Les mercredis apr\u00e8s- midis.<\/li><li>Les soir \u00e0 partir de 17H.<\/li><li>Stages possibles pendant les\u00a0 vacances scolaires.<strong>\u00a0<\/strong><\/li><\/ul><p><strong>O\u00f9?<\/strong><\/p><ul><li>A votre domicile.<\/li><li>En institutions ou structures collectives.<\/li><li>A mon domicile \u00e0\u00a0 Nantes.<\/li><\/ul><p><strong>Comment ?<\/strong><\/p><p>S\u00e9ances de 1h00\/ Individuelles ou\u00a0 collectives\u00a0<span style=\"font-size: 14px;\">(familles, couples, amis, bienvenus).<\/span><\/p><p id=\"wnd_TextBlock_322520_inner_4\" data-wnd_separable_id=\"wnd_TextBlock_322520\" data-wnd_separable_index=\"4\" data-wnd_is_separable=\"1\"><strong>Combien?<\/strong><\/p><ul><li><strong>S\u00e9ance individuelle de 1h00 \u00e0 40 euros.<\/strong><\/li><li><strong>S\u00e9ance collective de 1h00 (amis, couples, familles bienvenus) \u00e0 25 euros par personne.<\/strong><\/li><li><strong>En institution ( Horaires et tarifs int\u00e9ressants \u00e0 d\u00e9finir en fonction du projet) .<\/strong><\/li><li><strong>\u00a0Mat\u00e9riel inclus.<\/strong><\/li><\/ul><p data-wnd_separable_id=\"wnd_TextBlock_322520\" data-wnd_separable_index=\"4\" data-wnd_is_separable=\"1\">\u00a0<\/p><\/div>\n\t\t\t\t<\/div>\n\t\t\t\t<\/div>\n\t\t\t\t\t\t<\/div>\n\t\t\t<\/div>\n\t\t<\/div>\n\t\t\t\t\t\t<\/div>\n\t\t\t<\/div>\n\t\t<\/section>\n\t\t\t\t\t\t<\/div>\n\t\t\t<\/div>\n\t\t<\/div>\n\t\t","protected":false},"excerpt":{"rendered":"<p>Page d&#8217;accueil V\u00e9ronique Th\u00e9venier &#8211; Art-th\u00e9rapeute et enseignante. \u00a0Prise de rendez-vous: 06 80 50 04 45\u00a0 Envoyez un mail \u00e0\u00a0 lesoinparlart@gmail.com\u00a0 Informations pratiques: Quand? \u00a0 Les week-ends (\u00e0 d\u00e9finir) Les mercredis apr\u00e8s- midis. Les soir \u00e0 partir de 17H. Stages possibles pendant les\u00a0 vacances scolaires.\u00a0 O\u00f9? A votre domicile. En institutions ou structures collectives. A [&hellip;]<\/p>\n","protected":false},"author":1,"featured_media":30,"parent":0,"menu_order":0,"comment_status":"closed","ping_status":"closed","template":"","meta":{"spay_email":"","footnotes":""},"yoast_head":"<!-- This site is optimized with the Yoast SEO plugin v14.7 - https:\/\/yoast.com\/wordpress\/plugins\/seo\/ -->\n<title>Informations pratiques -<\/title>\n<meta name=\"description\" content=\"Les informations pratiques pour prendre rendez-vous chez Le soin par l&#039;art, atelier d&#039;art-th\u00e9rapie de V\u00e9ronique Th\u00e9venier \u00e0 Nantes.\" \/>\n<meta name=\"robots\" content=\"index, follow\" \/>\n<meta name=\"googlebot\" content=\"index, follow, max-snippet:-1, max-image-preview:large, max-video-preview:-1\" \/>\n<meta name=\"bingbot\" content=\"index, follow, max-snippet:-1, max-image-preview:large, max-video-preview:-1\" \/>\n<link rel=\"canonical\" href=\"https:\/\/lesoinparlart.fr\/index.php\/contact-et-informations-pratiques\/\" \/>\n<meta property=\"og:locale\" content=\"en_US\" \/>\n<meta property=\"og:type\" content=\"article\" \/>\n<meta property=\"og:title\" content=\"Informations pratiques -\" \/>\n<meta property=\"og:description\" content=\"Les informations pratiques pour prendre rendez-vous chez Le soin par l&#039;art, atelier d&#039;art-th\u00e9rapie de V\u00e9ronique Th\u00e9venier \u00e0 Nantes.\" \/>\n<meta property=\"og:url\" content=\"https:\/\/lesoinparlart.fr\/index.php\/contact-et-informations-pratiques\/\" \/>\n<meta property=\"article:modified_time\" content=\"2024-02-20T14:20:53+00:00\" \/>\n<meta property=\"og:image\" content=\"https:\/\/lesoinparlart.fr\/wp-content\/uploads\/2020\/07\/o\u00f9.png\" \/>\n\t<meta property=\"og:image:width\" content=\"225\" \/>\n\t<meta property=\"og:image:height\" content=\"225\" \/>\n<meta name=\"twitter:card\" content=\"summary_large_image\" \/>\n<script type=\"application\/ld+json\" class=\"yoast-schema-graph\">{\"@context\":\"https:\/\/schema.org\",\"@graph\":[{\"@type\":\"WebSite\",\"@id\":\"https:\/\/lesoinparlart.fr\/#website\",\"url\":\"https:\/\/lesoinparlart.fr\/\",\"name\":\"\",\"description\":\"\",\"potentialAction\":[{\"@type\":\"SearchAction\",\"target\":\"https:\/\/lesoinparlart.fr\/?s={search_term_string}\",\"query-input\":\"required name=search_term_string\"}],\"inLanguage\":\"en-US\"},{\"@type\":\"ImageObject\",\"@id\":\"https:\/\/lesoinparlart.fr\/index.php\/contact-et-informations-pratiques\/#primaryimage\",\"inLanguage\":\"en-US\",\"url\":\"https:\/\/lesoinparlart.fr\/wp-content\/uploads\/2020\/07\/o\\u00f9.png\",\"width\":225,\"height\":225},{\"@type\":\"WebPage\",\"@id\":\"https:\/\/lesoinparlart.fr\/index.php\/contact-et-informations-pratiques\/#webpage\",\"url\":\"https:\/\/lesoinparlart.fr\/index.php\/contact-et-informations-pratiques\/\",\"name\":\"Informations pratiques -\",\"isPartOf\":{\"@id\":\"https:\/\/lesoinparlart.fr\/#website\"},\"primaryImageOfPage\":{\"@id\":\"https:\/\/lesoinparlart.fr\/index.php\/contact-et-informations-pratiques\/#primaryimage\"},\"datePublished\":\"2020-07-22T12:51:45+00:00\",\"dateModified\":\"2024-02-20T14:20:53+00:00\",\"description\":\"Les informations pratiques pour prendre rendez-vous chez Le soin par l'art, atelier d'art-th\\u00e9rapie de V\\u00e9ronique Th\\u00e9venier \\u00e0 Nantes.\",\"inLanguage\":\"en-US\",\"potentialAction\":[{\"@type\":\"ReadAction\",\"target\":[\"https:\/\/lesoinparlart.fr\/index.php\/contact-et-informations-pratiques\/\"]}]}]}<\/script>\n<!-- \/ Yoast SEO plugin. -->","_links":{"self":[{"href":"https:\/\/lesoinparlart.fr\/index.php\/wp-json\/wp\/v2\/pages\/28"}],"collection":[{"href":"https:\/\/lesoinparlart.fr\/index.php\/wp-json\/wp\/v2\/pages"}],"about":[{"href":"https:\/\/lesoinparlart.fr\/index.php\/wp-json\/wp\/v2\/types\/page"}],"author":[{"embeddable":true,"href":"https:\/\/lesoinparlart.fr\/index.php\/wp-json\/wp\/v2\/users\/1"}],"replies":[{"embeddable":true,"href":"https:\/\/lesoinparlart.fr\/index.php\/wp-json\/wp\/v2\/comments?post=28"}],"version-history":[{"count":20,"href":"https:\/\/lesoinparlart.fr\/index.php\/wp-json\/wp\/v2\/pages\/28\/revisions"}],"predecessor-version":[{"id":2651,"href":"https:\/\/lesoinparlart.fr\/index.php\/wp-json\/wp\/v2\/pages\/28\/revisions\/2651"}],"wp:featuredmedia":[{"embeddable":true,"href":"https:\/\/lesoinparlart.fr\/index.php\/wp-json\/wp\/v2\/media\/30"}],"wp:attachment":[{"href":"https:\/\/lesoinparlart.fr\/index.php\/wp-json\/wp\/v2\/media?parent=28"}],"curies":[{"name":"wp","href":"https:\/\/api.w.org\/{rel}","templated":true}]}}