{"id":514,"date":"2020-08-04T03:20:08","date_gmt":"2020-08-04T01:20:08","guid":{"rendered":"http:\/\/lesoinparlart.fr\/?page_id=514"},"modified":"2024-02-20T15:25:48","modified_gmt":"2024-02-20T14:25:48","slug":"art-therapie-nantes-pour-qui","status":"publish","type":"page","link":"https:\/\/lesoinparlart.fr\/index.php\/art-therapie-nantes-pour-qui\/","title":{"rendered":"Pour qui ?"},"content":{"rendered":"\t\t<div data-elementor-type=\"wp-page\" data-elementor-id=\"514\" class=\"elementor elementor-514\" data-elementor-settings=\"[]\">\n\t\t\t<div class=\"elementor-inner\">\n\t\t\t\t<div class=\"elementor-section-wrap\">\n\t\t\t\t\t\t\t<section class=\"elementor-element elementor-element-e37f9b4 elementor-section-boxed elementor-section-height-default elementor-section-height-default elementor-section elementor-top-section\" data-id=\"e37f9b4\" data-element_type=\"section\">\n\t\t\t\t\t\t<div class=\"elementor-container elementor-column-gap-default\">\n\t\t\t\t<div class=\"elementor-row\">\n\t\t\t\t<div class=\"elementor-element elementor-element-6f1424c elementor-column elementor-col-100 elementor-top-column\" data-id=\"6f1424c\" data-element_type=\"column\">\n\t\t\t<div class=\"elementor-column-wrap  elementor-element-populated\">\n\t\t\t\t\t<div class=\"elementor-widget-wrap\">\n\t\t\t\t<div class=\"elementor-element elementor-element-57b6d99 elementor-widget elementor-widget-button\" data-id=\"57b6d99\" data-element_type=\"widget\" data-widget_type=\"button.default\">\n\t\t\t\t<div class=\"elementor-widget-container\">\n\t\t\t\t\t<div class=\"elementor-button-wrapper\">\n\t\t\t<a href=\"https:\/\/lesoinparlart.fr\/\" class=\"elementor-button-link elementor-button elementor-size-sm\" role=\"button\">\n\t\t\t\t\t\t<span class=\"elementor-button-content-wrapper\">\n\t\t\t\t\t\t<span class=\"elementor-button-icon elementor-align-icon-left\">\n\t\t\t\t<i aria-hidden=\"true\" class=\"far fa-arrow-alt-circle-up\"><\/i>\t\t\t<\/span>\n\t\t\t\t\t\t<span class=\"elementor-button-text\">Page d'accueil<\/span>\n\t\t<\/span>\n\t\t\t\t\t<\/a>\n\t\t<\/div>\n\t\t\t\t<\/div>\n\t\t\t\t<\/div>\n\t\t\t\t\t\t<\/div>\n\t\t\t<\/div>\n\t\t<\/div>\n\t\t\t\t\t\t<\/div>\n\t\t\t<\/div>\n\t\t<\/section>\n\t\t\t\t<section class=\"elementor-element elementor-element-18bce23 elementor-section-boxed elementor-section-height-default elementor-section-height-default elementor-section elementor-top-section\" data-id=\"18bce23\" data-element_type=\"section\">\n\t\t\t\t\t\t<div class=\"elementor-container elementor-column-gap-default\">\n\t\t\t\t<div class=\"elementor-row\">\n\t\t\t\t<div class=\"elementor-element elementor-element-b74e2df elementor-column elementor-col-100 elementor-top-column\" data-id=\"b74e2df\" data-element_type=\"column\">\n\t\t\t<div class=\"elementor-column-wrap  elementor-element-populated\">\n\t\t\t\t\t<div class=\"elementor-widget-wrap\">\n\t\t\t\t<div class=\"elementor-element elementor-element-31f77f3 elementor-widget elementor-widget-text-editor\" data-id=\"31f77f3\" data-element_type=\"widget\" data-widget_type=\"text-editor.default\">\n\t\t\t\t<div class=\"elementor-widget-container\">\n\t\t\t\t\t<div class=\"elementor-text-editor elementor-clearfix\"><h4>V\u00e9ronique Th\u00e9venier- Art-th\u00e9rapeute et m\u00e9diatrice artistique- Le soin par l&#8217;art- Nantes.<\/h4><h4>Des s\u00e9ances adapt\u00e9es \u00e0 tous !<\/h4><\/div>\n\t\t\t\t<\/div>\n\t\t\t\t<\/div>\n\t\t\t\t\t\t<\/div>\n\t\t\t<\/div>\n\t\t<\/div>\n\t\t\t\t\t\t<\/div>\n\t\t\t<\/div>\n\t\t<\/section>\n\t\t\t\t<section class=\"elementor-element elementor-element-1442792 elementor-section-boxed elementor-section-height-default elementor-section-height-default elementor-section elementor-top-section\" data-id=\"1442792\" data-element_type=\"section\">\n\t\t\t\t\t\t<div class=\"elementor-container elementor-column-gap-default\">\n\t\t\t\t<div class=\"elementor-row\">\n\t\t\t\t<div class=\"elementor-element elementor-element-1585cd4 elementor-column elementor-col-100 elementor-top-column\" data-id=\"1585cd4\" data-element_type=\"column\">\n\t\t\t<div class=\"elementor-column-wrap  elementor-element-populated\">\n\t\t\t\t\t<div class=\"elementor-widget-wrap\">\n\t\t\t\t<div class=\"elementor-element elementor-element-ae85335 elementor-arrows-position-inside elementor-pagination-position-outside elementor-widget elementor-widget-image-carousel\" data-id=\"ae85335\" data-element_type=\"widget\" data-settings=\"{&quot;navigation&quot;:&quot;both&quot;,&quot;autoplay&quot;:&quot;yes&quot;,&quot;pause_on_hover&quot;:&quot;yes&quot;,&quot;pause_on_interaction&quot;:&quot;yes&quot;,&quot;autoplay_speed&quot;:5000,&quot;infinite&quot;:&quot;yes&quot;,&quot;speed&quot;:500,&quot;direction&quot;:&quot;ltr&quot;}\" data-widget_type=\"image-carousel.default\">\n\t\t\t\t<div class=\"elementor-widget-container\">\n\t\t\t\t\t<div class=\"elementor-image-carousel-wrapper swiper-container\" dir=\"ltr\">\n\t\t\t<div class=\"elementor-image-carousel swiper-wrapper\">\n\t\t\t\t<div class=\"swiper-slide\"><figure class=\"swiper-slide-inner\"><img decoding=\"async\" class=\"swiper-slide-image\" src=\"https:\/\/lesoinparlart.fr\/wp-content\/uploads\/2020\/08\/seniors-peignant.jpg\" alt=\"seniors peignant\" \/><\/figure><\/div><div class=\"swiper-slide\"><figure class=\"swiper-slide-inner\"><img decoding=\"async\" class=\"swiper-slide-image\" src=\"https:\/\/lesoinparlart.fr\/wp-content\/uploads\/2020\/08\/\u00e9crire.jpg\" alt=\"\u00e9crire\" \/><\/figure><\/div><div class=\"swiper-slide\"><figure class=\"swiper-slide-inner\"><img decoding=\"async\" class=\"swiper-slide-image\" src=\"https:\/\/lesoinparlart.fr\/wp-content\/uploads\/2020\/08\/adultes-peignant-art-th\u00e9rapie.jpg\" alt=\"adultes peignant art-th\u00e9rapie\" \/><\/figure><\/div><div class=\"swiper-slide\"><figure class=\"swiper-slide-inner\"><img decoding=\"async\" class=\"swiper-slide-image\" src=\"https:\/\/lesoinparlart.fr\/wp-content\/uploads\/2020\/08\/enfants-et-art-th\u00e9rapie-1.jpg\" alt=\"enfants et art-th\u00e9rapie\" \/><\/figure><\/div><div class=\"swiper-slide\"><figure class=\"swiper-slide-inner\"><img decoding=\"async\" class=\"swiper-slide-image\" src=\"https:\/\/lesoinparlart.fr\/wp-content\/uploads\/2020\/08\/homme-qui-peint-1.jpg\" alt=\"homme qui peint\" \/><\/figure><\/div>\t\t\t<\/div>\n\t\t\t\t\t\t\t\t\t\t\t\t<div class=\"swiper-pagination\"><\/div>\n\t\t\t\t\t\t\t\t\t\t\t\t\t<div class=\"elementor-swiper-button elementor-swiper-button-prev\">\n\t\t\t\t\t\t<i class=\"eicon-chevron-left\" aria-hidden=\"true\"><\/i>\n\t\t\t\t\t\t<span class=\"elementor-screen-only\">Previous<\/span>\n\t\t\t\t\t<\/div>\n\t\t\t\t\t<div class=\"elementor-swiper-button elementor-swiper-button-next\">\n\t\t\t\t\t\t<i class=\"eicon-chevron-right\" aria-hidden=\"true\"><\/i>\n\t\t\t\t\t\t<span class=\"elementor-screen-only\">Next<\/span>\n\t\t\t\t\t<\/div>\n\t\t\t\t\t\t\t\t\t<\/div>\n\t\t\t\t<\/div>\n\t\t\t\t<\/div>\n\t\t\t\t\t\t<\/div>\n\t\t\t<\/div>\n\t\t<\/div>\n\t\t\t\t\t\t<\/div>\n\t\t\t<\/div>\n\t\t<\/section>\n\t\t\t\t<section class=\"elementor-element elementor-element-6e76379 elementor-section-boxed elementor-section-height-default elementor-section-height-default elementor-section elementor-top-section\" data-id=\"6e76379\" data-element_type=\"section\">\n\t\t\t\t\t\t<div class=\"elementor-container elementor-column-gap-default\">\n\t\t\t\t<div class=\"elementor-row\">\n\t\t\t\t<div class=\"elementor-element elementor-element-c6a5e7f elementor-column elementor-col-33 elementor-top-column\" data-id=\"c6a5e7f\" data-element_type=\"column\">\n\t\t\t<div class=\"elementor-column-wrap  elementor-element-populated\">\n\t\t\t\t\t<div class=\"elementor-widget-wrap\">\n\t\t\t\t<div class=\"elementor-element elementor-element-e9075b0 elementor-widget elementor-widget-text-editor\" data-id=\"e9075b0\" data-element_type=\"widget\" data-widget_type=\"text-editor.default\">\n\t\t\t\t<div class=\"elementor-widget-container\">\n\t\t\t\t\t<div class=\"elementor-text-editor elementor-clearfix\"><h3>Chez l&#8217;<strong>enfant&nbsp;<\/strong><\/h3>\n<ul>\n<li>\n<p><a style=\"font-style: italic;\" href=\"https:\/\/www.passeportsante.net\/fr\/Maux\/Problemes\/Fiche.aspx?doc=troubles-de-l-estime-de-soi\" target=\"_blank\" rel=\"noopener\" class=\"broken_link\">Troubles de l&#8217;estime de soi&nbsp;<\/a><\/p>\n<\/li>\n<li>\n<p><span style=\"font-size: 14px;\">Gestion<\/span><span style=\"font-size: 14px;\">&nbsp;des \u00e9motions<\/span><span style=\"font-size: 14px;\">, (peur, col\u00e8re, tristesse, timidit\u00e9, angoisse, probl\u00e8mes de sommeil\u2026) et des<\/span><span style=\"font-size: 14px;\"><b>&nbsp;<\/b>relations<\/span><span style=\"font-size: 14px;\"> (\u00e9cole, parents, fratrie\u2026).<\/span><span style=\"font-size: 14px;\">&nbsp;<\/span><i style=\"font-size: 14px;\"><span style=\"font-size: 14px;\">l<\/span><a style=\"font-size: 14px; background-color: #ffffff;\" href=\"https:\/\/www.intemotionnelle.com\/quest-ce-que-lintelligence-emotionnelle\/\" target=\"_blank\" rel=\"noopener\">&#8216;<\/a><a style=\"font-size: 14px; background-color: #ffffff;\" href=\"https:\/\/www.intemotionnelle.com\/quest-ce-que-lintelligence-emotionnelle\/\" target=\"_blank\" rel=\"noopener\">intelligence \u00e9motionnelle<\/a>.<\/i><\/p>\n<\/li>\n<li>\n<p><span style=\"font-size: 14px;\">Maladie.<\/span><\/p>\n<\/li>\n<li>\n<p><span style=\"font-size: 14px;\">Handicap<\/span><\/p>\n<\/li>\n<li>\n<p>Probl\u00e8mes scolaires<b>, <\/b><a style=\"font-size: 14px; background-color: #ffffff;\" href=\"https:\/\/lesoinparlart.fr\/index.php\/le-soutien-scolaire-grace-a-lart-therapie-a-nantes\/\" target=\"_blank\" rel=\"noopener\"><i>souffrance scolaire&nbsp;<\/i><\/a><\/p>\n<\/li>\n<li>\n<p>S\u00e9paration des parents,&nbsp;probl\u00e8mes familiaux, psycho-traumas.<\/p>\n<\/li>\n<li><a href=\"https:\/\/lesoinparlart.fr\/index.php\/art-therapie-autisme\/\" target=\"_blank\"><i>Troubles autistiques<\/i><\/a><br><\/li>\n<li>Etc&#8230;<\/li>\n<\/ul><\/div>\n\t\t\t\t<\/div>\n\t\t\t\t<\/div>\n\t\t\t\t\t\t<\/div>\n\t\t\t<\/div>\n\t\t<\/div>\n\t\t\t\t<div class=\"elementor-element elementor-element-fd6fff5 elementor-column elementor-col-33 elementor-top-column\" data-id=\"fd6fff5\" data-element_type=\"column\">\n\t\t\t<div class=\"elementor-column-wrap  elementor-element-populated\">\n\t\t\t\t\t<div class=\"elementor-widget-wrap\">\n\t\t\t\t<div class=\"elementor-element elementor-element-47fac39 elementor-widget elementor-widget-text-editor\" data-id=\"47fac39\" data-element_type=\"widget\" data-widget_type=\"text-editor.default\">\n\t\t\t\t<div class=\"elementor-widget-container\">\n\t\t\t\t\t<div class=\"elementor-text-editor elementor-clearfix\"><h3>Chez l&#8217;adolescent<\/h3>\n<ul>\n<li>Probl\u00e8mes relationnels (parents, la fratrie, \u00e9cole), de la relation \u00e0 l&#8217;autorit\u00e9<\/li>\n<li>D\u00e9crochage scolaire.<\/li>\n<li>Pr\u00e9paration d\u2019examens (&nbsp;gestion du stress, am\u00e9lioration de la concentration,).<\/li>\n<li>Perte de rep\u00e8res,&nbsp; recherche d\u2019identit\u00e9.<\/li>\n<li>Mauvaise estime de soi et&nbsp; d\u00e9valorisation.<\/li>\n<li>S\u00e9paration des parents ou probl\u00e8mes familiaux.<\/li>\n<li>Maladie.<\/li>\n<li>Handicap.<\/li>\n<li>Psycho-traumas.&nbsp;<\/li><li><a href=\"https:\/\/lesoinparlart.fr\/index.php\/art-therapie-et-addiction-a-nantes\/\" target=\"_blank\"><i>Addictions<\/i><\/a><br><\/li>\n<li>Troubles autistiques<\/li>\n<li>Etc&#8230;<\/li>\n<\/ul><\/div>\n\t\t\t\t<\/div>\n\t\t\t\t<\/div>\n\t\t\t\t\t\t<\/div>\n\t\t\t<\/div>\n\t\t<\/div>\n\t\t\t\t<div class=\"elementor-element elementor-element-9398027 elementor-column elementor-col-33 elementor-top-column\" data-id=\"9398027\" data-element_type=\"column\">\n\t\t\t<div class=\"elementor-column-wrap  elementor-element-populated\">\n\t\t\t\t\t<div class=\"elementor-widget-wrap\">\n\t\t\t\t<div class=\"elementor-element elementor-element-d08a3bc elementor-widget elementor-widget-text-editor\" data-id=\"d08a3bc\" data-element_type=\"widget\" data-widget_type=\"text-editor.default\">\n\t\t\t\t<div class=\"elementor-widget-container\">\n\t\t\t\t\t<div class=\"elementor-text-editor elementor-clearfix\"><h3>Chez l&#8217;adulte, <span style=\"font-weight: normal;\">chez le senior et la personne \u00e2g\u00e9e d\u00e9pendante.<\/span><\/h3>\n<ul>\n<li>Probl\u00e8me au travail, (&nbsp;stress professionnel, r\u00e9orientation<b> )<\/b><\/li>\n<li>Situation de&nbsp;<a href=\"https:\/\/lesoinparlart.fr\/index.php\/art-therapie-deuil-carnet-creatif\/\" target=\"_blank\" rel=\"noopener\"><i>deuil<\/i><\/a>&nbsp;&nbsp;(s\u00e9paration, perte d&#8217;emploi, etc&#8230;)<\/li>\n<li>&nbsp;Maladies :<i>&nbsp;<\/i><a href=\"https:\/\/lesoinparlart.fr\/index.php\/art-therapie-et-cancer\/\" target=\"_blank\" rel=\"noopener\"><i>cancer<\/i><\/a><b>,<\/b>&nbsp; etc&#8230;<\/li>\n<li>Handicap<\/li>\n<li>Situation d&#8217;addiction ( alimentaire, drogue, jeu, etc&#8230;).<\/li>\n<li>Difficult\u00e9s relationnelles,&nbsp;<i><a href=\"https:\/\/lesoinparlart.fr\/index.php\/art-therapie-et-violence-femmes\/\" target=\"_blank\" rel=\"noopener\">violences&nbsp;<\/a>.<\/i><\/li>\n<li>Face \u00e0 l&#8217;angoisse, la d\u00e9prime, la d\u00e9pression, etc&#8230;<\/li>\n<\/ul>\n<ul>\n<li>Pour<b> stimuler et entretenir<\/b> les capacit\u00e9s d&#8217;expression, de concentration, et relationnelles, ainsi que l&#8217;\u00e9lan vital.<\/li>\n<li>Pour accompagner la<a href=\"https:\/\/lesoinparlart.fr\/index.php\/art-therapie-et-maladie-dalzheimer\/\" target=\"_blank\" rel=\"noopener\">&nbsp;<i>personne atteinte de la maladie <\/i><i>d&#8217;Alzheimer<\/i> <\/a><b>&nbsp;<\/b>et son entourage.<\/li>\n<li><span style=\"font-size: 14px;\">Addictions.<\/span><\/li>\n<li><span style=\"font-size: 14px;\">Troubles autistiques .<\/span><\/li>\n<li><span style=\"font-size: 14px;\">Etc&#8230;<\/span><\/li>\n<\/ul><\/div>\n\t\t\t\t<\/div>\n\t\t\t\t<\/div>\n\t\t\t\t\t\t<\/div>\n\t\t\t<\/div>\n\t\t<\/div>\n\t\t\t\t\t\t<\/div>\n\t\t\t<\/div>\n\t\t<\/section>\n\t\t\t\t<section class=\"elementor-element elementor-element-abfa085 elementor-section-boxed elementor-section-height-default elementor-section-height-default elementor-section elementor-top-section\" data-id=\"abfa085\" data-element_type=\"section\">\n\t\t\t\t\t\t<div class=\"elementor-container elementor-column-gap-default\">\n\t\t\t\t<div class=\"elementor-row\">\n\t\t\t\t<div class=\"elementor-element elementor-element-4f67eb9 elementor-column elementor-col-100 elementor-top-column\" data-id=\"4f67eb9\" data-element_type=\"column\">\n\t\t\t<div class=\"elementor-column-wrap  elementor-element-populated\">\n\t\t\t\t\t<div class=\"elementor-widget-wrap\">\n\t\t\t\t<div class=\"elementor-element elementor-element-022b6bc elementor-arrows-position-inside elementor-pagination-position-outside elementor-widget elementor-widget-image-carousel\" data-id=\"022b6bc\" data-element_type=\"widget\" data-settings=\"{&quot;navigation&quot;:&quot;both&quot;,&quot;autoplay&quot;:&quot;yes&quot;,&quot;pause_on_hover&quot;:&quot;yes&quot;,&quot;pause_on_interaction&quot;:&quot;yes&quot;,&quot;autoplay_speed&quot;:5000,&quot;infinite&quot;:&quot;yes&quot;,&quot;speed&quot;:500,&quot;direction&quot;:&quot;ltr&quot;}\" data-widget_type=\"image-carousel.default\">\n\t\t\t\t<div class=\"elementor-widget-container\">\n\t\t\t\t\t<div class=\"elementor-image-carousel-wrapper swiper-container\" dir=\"ltr\">\n\t\t\t<div class=\"elementor-image-carousel swiper-wrapper\">\n\t\t\t\t<div class=\"swiper-slide\"><figure class=\"swiper-slide-inner\"><img decoding=\"async\" class=\"swiper-slide-image\" src=\"https:\/\/lesoinparlart.fr\/wp-content\/uploads\/2020\/08\/Altelier-de-peinture-art-th\u00e9rapeutique-et-maladie-dAlzheimer.jpg\" alt=\"Art-th\u00e9rapie- Peindre \u00e0 tous les \u00e2ges de la vie\" \/><\/figure><\/div><div class=\"swiper-slide\"><figure class=\"swiper-slide-inner\"><img decoding=\"async\" class=\"swiper-slide-image\" src=\"https:\/\/lesoinparlart.fr\/wp-content\/uploads\/2020\/08\/atelier-dart-th\u00e9rapie-en-arts-plastiques-pour-les-enfants.jpg\" alt=\"Art-th\u00e9rapie- Peindre d\u00e8s le plus jeune \u00e2ge.\" \/><\/figure><\/div><div class=\"swiper-slide\"><figure class=\"swiper-slide-inner\"><img decoding=\"async\" class=\"swiper-slide-image\" src=\"https:\/\/lesoinparlart.fr\/wp-content\/uploads\/2020\/08\/atelier-de-peinture-art-th\u00e9rapeutique..jpg\" alt=\"La peinture, une th\u00e9rapie.\" \/><\/figure><\/div><div class=\"swiper-slide\"><figure class=\"swiper-slide-inner\"><img decoding=\"async\" class=\"swiper-slide-image\" src=\"https:\/\/lesoinparlart.fr\/wp-content\/uploads\/2020\/08\/Peinture-couleur-art-th\u00e9rapie.jpg\" alt=\"Art-th\u00e9rapie par la couleur.\" \/><\/figure><\/div>\t\t\t<\/div>\n\t\t\t\t\t\t\t\t\t\t\t\t<div class=\"swiper-pagination\"><\/div>\n\t\t\t\t\t\t\t\t\t\t\t\t\t<div class=\"elementor-swiper-button elementor-swiper-button-prev\">\n\t\t\t\t\t\t<i class=\"eicon-chevron-left\" aria-hidden=\"true\"><\/i>\n\t\t\t\t\t\t<span class=\"elementor-screen-only\">Previous<\/span>\n\t\t\t\t\t<\/div>\n\t\t\t\t\t<div class=\"elementor-swiper-button elementor-swiper-button-next\">\n\t\t\t\t\t\t<i class=\"eicon-chevron-right\" aria-hidden=\"true\"><\/i>\n\t\t\t\t\t\t<span class=\"elementor-screen-only\">Next<\/span>\n\t\t\t\t\t<\/div>\n\t\t\t\t\t\t\t\t\t<\/div>\n\t\t\t\t<\/div>\n\t\t\t\t<\/div>\n\t\t\t\t\t\t<\/div>\n\t\t\t<\/div>\n\t\t<\/div>\n\t\t\t\t\t\t<\/div>\n\t\t\t<\/div>\n\t\t<\/section>\n\t\t\t\t\t\t<\/div>\n\t\t\t<\/div>\n\t\t<\/div>\n\t\t","protected":false},"excerpt":{"rendered":"<p>Page d&#8217;accueil V\u00e9ronique Th\u00e9venier- Art-th\u00e9rapeute et m\u00e9diatrice artistique- Le soin par l&#8217;art- Nantes. Des s\u00e9ances adapt\u00e9es \u00e0 tous ! Previous Next Chez l&#8217;enfant&nbsp; Troubles de l&#8217;estime de soi&nbsp; Gestion&nbsp;des \u00e9motions, (peur, col\u00e8re, tristesse, timidit\u00e9, angoisse, probl\u00e8mes de sommeil\u2026) et des&nbsp;relations (\u00e9cole, parents, fratrie\u2026).&nbsp;l&#8216;intelligence \u00e9motionnelle. Maladie. Handicap Probl\u00e8mes scolaires, souffrance scolaire&nbsp; S\u00e9paration des parents,&nbsp;probl\u00e8mes familiaux, psycho-traumas. [&hellip;]<\/p>\n","protected":false},"author":1,"featured_media":0,"parent":0,"menu_order":0,"comment_status":"closed","ping_status":"closed","template":"","meta":{"spay_email":"","footnotes":""},"yoast_head":"<!-- This site is optimized with the Yoast SEO plugin v14.7 - https:\/\/yoast.com\/wordpress\/plugins\/seo\/ -->\n<title>Pour qui ? -<\/title>\n<meta name=\"description\" content=\"L&#039;art-th\u00e9rapie est efficace pour tous. Elle s&#039;adresse \u00e0 tous les \u00e2ges: enfants, adolescents, adultes, seniors, personne \u00e2g\u00e9e d\u00e9pendante.\" \/>\n<meta name=\"robots\" content=\"index, follow\" \/>\n<meta name=\"googlebot\" content=\"index, follow, max-snippet:-1, max-image-preview:large, max-video-preview:-1\" \/>\n<meta name=\"bingbot\" content=\"index, follow, max-snippet:-1, max-image-preview:large, max-video-preview:-1\" \/>\n<link rel=\"canonical\" href=\"https:\/\/lesoinparlart.fr\/index.php\/art-therapie-nantes-pour-qui\/\" \/>\n<meta property=\"og:locale\" content=\"en_US\" \/>\n<meta property=\"og:type\" content=\"article\" \/>\n<meta property=\"og:title\" content=\"Pour qui ? -\" \/>\n<meta property=\"og:description\" content=\"L&#039;art-th\u00e9rapie est efficace pour tous. Elle s&#039;adresse \u00e0 tous les \u00e2ges: enfants, adolescents, adultes, seniors, personne \u00e2g\u00e9e d\u00e9pendante.\" \/>\n<meta property=\"og:url\" content=\"https:\/\/lesoinparlart.fr\/index.php\/art-therapie-nantes-pour-qui\/\" \/>\n<meta property=\"article:modified_time\" content=\"2024-02-20T14:25:48+00:00\" \/>\n<meta property=\"og:image\" content=\"https:\/\/lesoinparlart.fr\/wp-content\/uploads\/2020\/08\/seniors-peignant.jpg\" \/>\n<meta name=\"twitter:card\" content=\"summary_large_image\" \/>\n<script type=\"application\/ld+json\" class=\"yoast-schema-graph\">{\"@context\":\"https:\/\/schema.org\",\"@graph\":[{\"@type\":\"WebSite\",\"@id\":\"https:\/\/lesoinparlart.fr\/#website\",\"url\":\"https:\/\/lesoinparlart.fr\/\",\"name\":\"\",\"description\":\"\",\"potentialAction\":[{\"@type\":\"SearchAction\",\"target\":\"https:\/\/lesoinparlart.fr\/?s={search_term_string}\",\"query-input\":\"required name=search_term_string\"}],\"inLanguage\":\"en-US\"},{\"@type\":\"ImageObject\",\"@id\":\"https:\/\/lesoinparlart.fr\/index.php\/art-therapie-nantes-pour-qui\/#primaryimage\",\"inLanguage\":\"en-US\",\"url\":\"https:\/\/lesoinparlart.fr\/wp-content\/uploads\/2020\/08\/seniors-peignant.jpg\",\"width\":188,\"height\":268},{\"@type\":\"WebPage\",\"@id\":\"https:\/\/lesoinparlart.fr\/index.php\/art-therapie-nantes-pour-qui\/#webpage\",\"url\":\"https:\/\/lesoinparlart.fr\/index.php\/art-therapie-nantes-pour-qui\/\",\"name\":\"Pour qui ? -\",\"isPartOf\":{\"@id\":\"https:\/\/lesoinparlart.fr\/#website\"},\"primaryImageOfPage\":{\"@id\":\"https:\/\/lesoinparlart.fr\/index.php\/art-therapie-nantes-pour-qui\/#primaryimage\"},\"datePublished\":\"2020-08-04T01:20:08+00:00\",\"dateModified\":\"2024-02-20T14:25:48+00:00\",\"description\":\"L'art-th\\u00e9rapie est efficace pour tous. Elle s'adresse \\u00e0 tous les \\u00e2ges: enfants, adolescents, adultes, seniors, personne \\u00e2g\\u00e9e d\\u00e9pendante.\",\"inLanguage\":\"en-US\",\"potentialAction\":[{\"@type\":\"ReadAction\",\"target\":[\"https:\/\/lesoinparlart.fr\/index.php\/art-therapie-nantes-pour-qui\/\"]}]}]}<\/script>\n<!-- \/ Yoast SEO plugin. -->","_links":{"self":[{"href":"https:\/\/lesoinparlart.fr\/index.php\/wp-json\/wp\/v2\/pages\/514"}],"collection":[{"href":"https:\/\/lesoinparlart.fr\/index.php\/wp-json\/wp\/v2\/pages"}],"about":[{"href":"https:\/\/lesoinparlart.fr\/index.php\/wp-json\/wp\/v2\/types\/page"}],"author":[{"embeddable":true,"href":"https:\/\/lesoinparlart.fr\/index.php\/wp-json\/wp\/v2\/users\/1"}],"replies":[{"embeddable":true,"href":"https:\/\/lesoinparlart.fr\/index.php\/wp-json\/wp\/v2\/comments?post=514"}],"version-history":[{"count":56,"href":"https:\/\/lesoinparlart.fr\/index.php\/wp-json\/wp\/v2\/pages\/514\/revisions"}],"predecessor-version":[{"id":2652,"href":"https:\/\/lesoinparlart.fr\/index.php\/wp-json\/wp\/v2\/pages\/514\/revisions\/2652"}],"wp:attachment":[{"href":"https:\/\/lesoinparlart.fr\/index.php\/wp-json\/wp\/v2\/media?parent=514"}],"curies":[{"name":"wp","href":"https:\/\/api.w.org\/{rel}","templated":true}]}}